{"id":85,"date":"2024-02-20T17:43:38","date_gmt":"2024-02-20T16:43:38","guid":{"rendered":"https:\/\/raccord-de-soi.fr\/?page_id=85"},"modified":"2024-06-17T12:19:37","modified_gmt":"2024-06-17T10:19:37","slug":"mentions-legales","status":"publish","type":"page","link":"https:\/\/raccord-de-soi.fr\/index.php\/mentions-legales\/","title":{"rendered":"MENTIONS LEGALES"},"content":{"rendered":"\t\t<div data-elementor-type=\"wp-page\" data-elementor-id=\"85\" class=\"elementor elementor-85\">\n\t\t\t\t<div class=\"elementor-element elementor-element-d474233 e-flex e-con-boxed e-con e-parent\" data-id=\"d474233\" data-element_type=\"container\">\n\t\t\t\t\t<div class=\"e-con-inner\">\n\t\t<div class=\"elementor-element elementor-element-b4b3f03 e-con-full e-flex e-con e-child\" data-id=\"b4b3f03\" data-element_type=\"container\">\n\t\t<div class=\"elementor-element elementor-element-ad1fd5d e-flex e-con-boxed e-con e-child\" data-id=\"ad1fd5d\" data-element_type=\"container\">\n\t\t\t\t\t<div class=\"e-con-inner\">\n\t\t\t\t<div class=\"elementor-element elementor-element-7948b9a elementor-widget elementor-widget-heading\" data-id=\"7948b9a\" data-element_type=\"widget\" data-widget_type=\"heading.default\">\n\t\t\t\t<div class=\"elementor-widget-container\">\n\t\t\t\t\t<h2 class=\"elementor-heading-title elementor-size-default\">Mentions l\u00e9gales<\/h2>\t\t\t\t<\/div>\n\t\t\t\t<\/div>\n\t\t\t\t<div class=\"elementor-element elementor-element-514f690 elementor-widget elementor-widget-text-editor\" data-id=\"514f690\" data-element_type=\"widget\" data-widget_type=\"text-editor.default\">\n\t\t\t\t<div class=\"elementor-widget-container\">\n\t\t\t\t\t\t\t\t\t<p><strong>IDENTIT\u00c9 DE L\u2019EXPLOITANT<br \/><\/strong>Entreprise individuelle\u00a0: Rachel ANDRUCH<br \/>Nom commercial\u00a0: R\u2019ACCORD DE SOI<br \/>Adresse : 22 impasse des Marmottes &#8211; 38790 SAINT GEORGES D\u2019ESPERANCHE<br \/>Num\u00e9ro SIRET\u00a0: 987\u00a0737\u00a0004 00018<br \/>N\u00b0 t\u00e9l. :\u00a006.83.17.82.62<br \/>Email :\u00a0rachel@raccord-de-soi.fr<br \/><strong>Directeur de la publication<\/strong>\u00a0: Madame Rachel ANDRUCH<\/p>\t\t\t\t\t\t\t\t<\/div>\n\t\t\t\t<\/div>\n\t\t\t\t<div class=\"elementor-element elementor-element-8fb5480 elementor-widget elementor-widget-text-editor\" data-id=\"8fb5480\" data-element_type=\"widget\" data-widget_type=\"text-editor.default\">\n\t\t\t\t<div class=\"elementor-widget-container\">\n\t\t\t\t\t\t\t\t\t<p><strong>H\u00c9BERGEUR<br \/><\/strong>D\u00e9nomination sociale\u00a0: Hostinger International Ltd, soci\u00e9t\u00e9 priv\u00e9e \u00e0 responsabilit\u00e9 limit\u00e9e de Chypre.<br \/>Si\u00e8ge social\u00a0: 61 Lordou Vironos str. 6023 Larnaca, Chypre<br \/>Adresse e-mail\u00a0: abuse@hostinger.com<br \/><br \/><strong>R\u00c9ALISATEUR<\/strong><br \/>Coraline RIGARD &#8211; <a href=\"https:\/\/coraline-rigard.com\/\">https:\/\/coraline-rigard.com\/<\/a><br \/><br \/><\/p>\t\t\t\t\t\t\t\t<\/div>\n\t\t\t\t<\/div>\n\t\t\t\t\t<\/div>\n\t\t\t\t<\/div>\n\t\t\t\t<\/div>\n\t\t\t\t\t<\/div>\n\t\t\t\t<\/div>\n\t\t\t\t<\/div>\n\t\t","protected":false},"excerpt":{"rendered":"<p>Mentions l\u00e9gales IDENTIT\u00c9 DE L\u2019EXPLOITANTEntreprise individuelle\u00a0: Rachel ANDRUCHNom commercial\u00a0: R\u2019ACCORD DE SOIAdresse : 22 impasse des Marmottes &#8211; 38790 SAINT GEORGES D\u2019ESPERANCHENum\u00e9ro SIRET\u00a0: 987\u00a0737\u00a0004 00018N\u00b0 t\u00e9l. :\u00a006.83.17.82.62Email :\u00a0rachel@raccord-de-soi.frDirecteur de la publication\u00a0: Madame Rachel ANDRUCH H\u00c9BERGEURD\u00e9nomination sociale\u00a0: Hostinger International Ltd, soci\u00e9t\u00e9 priv\u00e9e \u00e0 responsabilit\u00e9 limit\u00e9e de Chypre.Si\u00e8ge social\u00a0: 61 Lordou Vironos str. 6023 Larnaca, ChypreAdresse e-mail\u00a0:&hellip;&nbsp;<a href=\"https:\/\/raccord-de-soi.fr\/index.php\/mentions-legales\/\" class=\"\" rel=\"bookmark\">Read More &raquo;<span class=\"screen-reader-text\">MENTIONS LEGALES<\/span><\/a><\/p>\n","protected":false},"author":1,"featured_media":0,"parent":0,"menu_order":0,"comment_status":"closed","ping_status":"closed","template":"page-templates\/template-pagebuilder-full-width.php","meta":{"neve_meta_sidebar":"","neve_meta_container":"","neve_meta_enable_content_width":"","neve_meta_content_width":0,"neve_meta_title_alignment":"","neve_meta_author_avatar":"","neve_post_elements_order":"","neve_meta_disable_header":"","neve_meta_disable_footer":"","neve_meta_disable_title":"","_themeisle_gutenberg_block_has_review":false,"footnotes":""},"class_list":["post-85","page","type-page","status-publish","hentry"],"yoast_head":"<!-- This site is optimized with the Yoast SEO plugin v27.6 - https:\/\/yoast.com\/product\/yoast-seo-wordpress\/ -->\n<title>MENTIONS LEGALES - R&#039;Accord de Soi<\/title>\n<meta name=\"robots\" content=\"index, follow, max-snippet:-1, max-image-preview:large, max-video-preview:-1\" \/>\n<link rel=\"canonical\" href=\"https:\/\/raccord-de-soi.fr\/index.php\/mentions-legales\/\" \/>\n<meta property=\"og:locale\" content=\"en_US\" \/>\n<meta property=\"og:type\" content=\"article\" \/>\n<meta property=\"og:title\" content=\"MENTIONS LEGALES - R&#039;Accord de Soi\" \/>\n<meta property=\"og:description\" content=\"Mentions l\u00e9gales IDENTIT\u00c9 DE L\u2019EXPLOITANTEntreprise individuelle\u00a0: Rachel ANDRUCHNom commercial\u00a0: R\u2019ACCORD DE SOIAdresse : 22 impasse des Marmottes &#8211; 38790 SAINT GEORGES D\u2019ESPERANCHENum\u00e9ro SIRET\u00a0: 987\u00a0737\u00a0004 00018N\u00b0 t\u00e9l. :\u00a006.83.17.82.62Email :\u00a0rachel@raccord-de-soi.frDirecteur de la publication\u00a0: Madame Rachel ANDRUCH H\u00c9BERGEURD\u00e9nomination sociale\u00a0: Hostinger International Ltd, soci\u00e9t\u00e9 priv\u00e9e \u00e0 responsabilit\u00e9 limit\u00e9e de Chypre.Si\u00e8ge social\u00a0: 61 Lordou Vironos str. 6023 Larnaca, ChypreAdresse e-mail\u00a0:&hellip;&nbsp;Read More &raquo;MENTIONS LEGALES\" \/>\n<meta property=\"og:url\" content=\"https:\/\/raccord-de-soi.fr\/index.php\/mentions-legales\/\" \/>\n<meta property=\"og:site_name\" content=\"R&#039;Accord de Soi\" \/>\n<meta property=\"article:modified_time\" content=\"2024-06-17T10:19:37+00:00\" \/>\n<meta name=\"twitter:card\" content=\"summary_large_image\" \/>\n<meta name=\"twitter:label1\" content=\"Est. reading time\" \/>\n\t<meta name=\"twitter:data1\" content=\"1 minute\" \/>\n<script type=\"application\/ld+json\" class=\"yoast-schema-graph\">{\"@context\":\"https:\\\/\\\/schema.org\",\"@graph\":[{\"@type\":\"WebPage\",\"@id\":\"https:\\\/\\\/raccord-de-soi.fr\\\/index.php\\\/mentions-legales\\\/\",\"url\":\"https:\\\/\\\/raccord-de-soi.fr\\\/index.php\\\/mentions-legales\\\/\",\"name\":\"MENTIONS LEGALES - R&#039;Accord de Soi\",\"isPartOf\":{\"@id\":\"https:\\\/\\\/raccord-de-soi.fr\\\/#website\"},\"datePublished\":\"2024-02-20T16:43:38+00:00\",\"dateModified\":\"2024-06-17T10:19:37+00:00\",\"breadcrumb\":{\"@id\":\"https:\\\/\\\/raccord-de-soi.fr\\\/index.php\\\/mentions-legales\\\/#breadcrumb\"},\"inLanguage\":\"en-US\",\"potentialAction\":[{\"@type\":\"ReadAction\",\"target\":[\"https:\\\/\\\/raccord-de-soi.fr\\\/index.php\\\/mentions-legales\\\/\"]}]},{\"@type\":\"BreadcrumbList\",\"@id\":\"https:\\\/\\\/raccord-de-soi.fr\\\/index.php\\\/mentions-legales\\\/#breadcrumb\",\"itemListElement\":[{\"@type\":\"ListItem\",\"position\":1,\"name\":\"Accueil\",\"item\":\"https:\\\/\\\/raccord-de-soi.fr\\\/\"},{\"@type\":\"ListItem\",\"position\":2,\"name\":\"MENTIONS LEGALES\"}]},{\"@type\":\"WebSite\",\"@id\":\"https:\\\/\\\/raccord-de-soi.fr\\\/#website\",\"url\":\"https:\\\/\\\/raccord-de-soi.fr\\\/\",\"name\":\"R&#039;Accord de Soi\",\"description\":\"\",\"potentialAction\":[{\"@type\":\"SearchAction\",\"target\":{\"@type\":\"EntryPoint\",\"urlTemplate\":\"https:\\\/\\\/raccord-de-soi.fr\\\/?s={search_term_string}\"},\"query-input\":{\"@type\":\"PropertyValueSpecification\",\"valueRequired\":true,\"valueName\":\"search_term_string\"}}],\"inLanguage\":\"en-US\"}]}<\/script>\n<!-- \/ Yoast SEO plugin. -->","yoast_head_json":{"title":"MENTIONS LEGALES - R&#039;Accord de Soi","robots":{"index":"index","follow":"follow","max-snippet":"max-snippet:-1","max-image-preview":"max-image-preview:large","max-video-preview":"max-video-preview:-1"},"canonical":"https:\/\/raccord-de-soi.fr\/index.php\/mentions-legales\/","og_locale":"en_US","og_type":"article","og_title":"MENTIONS LEGALES - R&#039;Accord de Soi","og_description":"Mentions l\u00e9gales IDENTIT\u00c9 DE L\u2019EXPLOITANTEntreprise individuelle\u00a0: Rachel ANDRUCHNom commercial\u00a0: R\u2019ACCORD DE SOIAdresse : 22 impasse des Marmottes &#8211; 38790 SAINT GEORGES D\u2019ESPERANCHENum\u00e9ro SIRET\u00a0: 987\u00a0737\u00a0004 00018N\u00b0 t\u00e9l. :\u00a006.83.17.82.62Email :\u00a0rachel@raccord-de-soi.frDirecteur de la publication\u00a0: Madame Rachel ANDRUCH H\u00c9BERGEURD\u00e9nomination sociale\u00a0: Hostinger International Ltd, soci\u00e9t\u00e9 priv\u00e9e \u00e0 responsabilit\u00e9 limit\u00e9e de Chypre.Si\u00e8ge social\u00a0: 61 Lordou Vironos str. 6023 Larnaca, ChypreAdresse e-mail\u00a0:&hellip;&nbsp;Read More &raquo;MENTIONS LEGALES","og_url":"https:\/\/raccord-de-soi.fr\/index.php\/mentions-legales\/","og_site_name":"R&#039;Accord de Soi","article_modified_time":"2024-06-17T10:19:37+00:00","twitter_card":"summary_large_image","twitter_misc":{"Est. reading time":"1 minute"},"schema":{"@context":"https:\/\/schema.org","@graph":[{"@type":"WebPage","@id":"https:\/\/raccord-de-soi.fr\/index.php\/mentions-legales\/","url":"https:\/\/raccord-de-soi.fr\/index.php\/mentions-legales\/","name":"MENTIONS LEGALES - R&#039;Accord de Soi","isPartOf":{"@id":"https:\/\/raccord-de-soi.fr\/#website"},"datePublished":"2024-02-20T16:43:38+00:00","dateModified":"2024-06-17T10:19:37+00:00","breadcrumb":{"@id":"https:\/\/raccord-de-soi.fr\/index.php\/mentions-legales\/#breadcrumb"},"inLanguage":"en-US","potentialAction":[{"@type":"ReadAction","target":["https:\/\/raccord-de-soi.fr\/index.php\/mentions-legales\/"]}]},{"@type":"BreadcrumbList","@id":"https:\/\/raccord-de-soi.fr\/index.php\/mentions-legales\/#breadcrumb","itemListElement":[{"@type":"ListItem","position":1,"name":"Accueil","item":"https:\/\/raccord-de-soi.fr\/"},{"@type":"ListItem","position":2,"name":"MENTIONS LEGALES"}]},{"@type":"WebSite","@id":"https:\/\/raccord-de-soi.fr\/#website","url":"https:\/\/raccord-de-soi.fr\/","name":"R&#039;Accord de Soi","description":"","potentialAction":[{"@type":"SearchAction","target":{"@type":"EntryPoint","urlTemplate":"https:\/\/raccord-de-soi.fr\/?s={search_term_string}"},"query-input":{"@type":"PropertyValueSpecification","valueRequired":true,"valueName":"search_term_string"}}],"inLanguage":"en-US"}]}},"_links":{"self":[{"href":"https:\/\/raccord-de-soi.fr\/index.php\/wp-json\/wp\/v2\/pages\/85","targetHints":{"allow":["GET"]}}],"collection":[{"href":"https:\/\/raccord-de-soi.fr\/index.php\/wp-json\/wp\/v2\/pages"}],"about":[{"href":"https:\/\/raccord-de-soi.fr\/index.php\/wp-json\/wp\/v2\/types\/page"}],"author":[{"embeddable":true,"href":"https:\/\/raccord-de-soi.fr\/index.php\/wp-json\/wp\/v2\/users\/1"}],"replies":[{"embeddable":true,"href":"https:\/\/raccord-de-soi.fr\/index.php\/wp-json\/wp\/v2\/comments?post=85"}],"version-history":[{"count":31,"href":"https:\/\/raccord-de-soi.fr\/index.php\/wp-json\/wp\/v2\/pages\/85\/revisions"}],"predecessor-version":[{"id":805,"href":"https:\/\/raccord-de-soi.fr\/index.php\/wp-json\/wp\/v2\/pages\/85\/revisions\/805"}],"wp:attachment":[{"href":"https:\/\/raccord-de-soi.fr\/index.php\/wp-json\/wp\/v2\/media?parent=85"}],"curies":[{"name":"wp","href":"https:\/\/api.w.org\/{rel}","templated":true}]}}