{"id":802,"date":"2024-06-17T12:18:39","date_gmt":"2024-06-17T10:18:39","guid":{"rendered":"https:\/\/raccord-de-soi.fr\/?page_id=802"},"modified":"2024-06-17T16:02:23","modified_gmt":"2024-06-17T14:02:23","slug":"politique-de-confidentialite-2","status":"publish","type":"page","link":"https:\/\/raccord-de-soi.fr\/index.php\/politique-de-confidentialite-2\/","title":{"rendered":"POLITIQUE DE CONFIDENTIALITE"},"content":{"rendered":"\t\t<div data-elementor-type=\"wp-page\" data-elementor-id=\"802\" class=\"elementor elementor-802\">\n\t\t\t\t<div class=\"elementor-element elementor-element-d474233 e-flex e-con-boxed e-con e-parent\" data-id=\"d474233\" data-element_type=\"container\">\n\t\t\t\t\t<div class=\"e-con-inner\">\n\t\t<div class=\"elementor-element elementor-element-b4b3f03 e-con-full e-flex e-con e-child\" data-id=\"b4b3f03\" data-element_type=\"container\">\n\t\t<div class=\"elementor-element elementor-element-ad1fd5d e-flex e-con-boxed e-con e-child\" data-id=\"ad1fd5d\" data-element_type=\"container\">\n\t\t\t\t\t<div class=\"e-con-inner\">\n\t\t\t\t<div class=\"elementor-element elementor-element-7948b9a elementor-widget elementor-widget-heading\" data-id=\"7948b9a\" data-element_type=\"widget\" data-widget_type=\"heading.default\">\n\t\t\t\t<div class=\"elementor-widget-container\">\n\t\t\t\t\t<h2 class=\"elementor-heading-title elementor-size-default\">Politique de confidentialit\u00e9<\/h2>\t\t\t\t<\/div>\n\t\t\t\t<\/div>\n\t\t\t\t<div class=\"elementor-element elementor-element-514f690 elementor-widget elementor-widget-text-editor\" data-id=\"514f690\" data-element_type=\"widget\" data-widget_type=\"text-editor.default\">\n\t\t\t\t<div class=\"elementor-widget-container\">\n\t\t\t\t\t\t\t\t\t<p><strong>1. PR\u00c9AMBULE<br \/><\/strong>Tout traitement de donn\u00e9es personnelles est effectu\u00e9 sous la responsabilit\u00e9 de Madame Rachel<br \/>ANDRUCH exer\u00e7ant sous le statut d\u2019entreprise individuelle laquelle est situ\u00e9e 22 impasse des<br \/>Marmottes &#8211; 38790 SAINT GEORGES D\u2019ESPERANCHE et dont le num\u00e9ro SIRET est\u00a0: 987\u00a0737\u00a0004<br \/>00018 (Ci-apr\u00e8s \u00ab la Praticienne\u00bb). La Praticienne peut \u00eatre contact\u00e9 par e-mail \u00e0 l\u2019adresse suivante\u00a0:<br \/>rachel@raccord-de-soi.fr<br \/>Certaines donn\u00e9es fournies par le Client peuvent \u00eatre des donn\u00e9es dites sensibles car elles sont<br \/>susceptibles de r\u00e9v\u00e9ler directement ou indirectement, l\u2019orientation sexuelle, l\u2019origine raciale ou<br \/>ethnique, les opinions politiques, philosophiques ou religieuses, ou la sant\u00e9 du Client. Ainsi, le<br \/>consentement du Client est demand\u00e9 pour la collecte et le traitement de cette cat\u00e9gorie de donn\u00e9es.<br \/>Tout transfert de donn\u00e9es \u00e0 un tiers est effectu\u00e9 avec votre consentement et le traitement de donn\u00e9es<br \/>par ce dernier est soumis \u00e0 la politique de confidentialit\u00e9 de ce tiers.<\/p>\t\t\t\t\t\t\t\t<\/div>\n\t\t\t\t<\/div>\n\t\t\t\t<div class=\"elementor-element elementor-element-8fb5480 elementor-widget elementor-widget-text-editor\" data-id=\"8fb5480\" data-element_type=\"widget\" data-widget_type=\"text-editor.default\">\n\t\t\t\t<div class=\"elementor-widget-container\">\n\t\t\t\t\t\t\t\t\t<p><strong>2. TYPE DE DONN\u00c9ES COLLECT\u00c9ES<br \/><\/strong>La Praticienne est susceptible de collecter et de traiter tout ou partie des donn\u00e9es suivantes :<br \/><strong>&#8211; Donn\u00e9es trait\u00e9es dans le cadre d\u2019une r\u00e9servation et de l\u2019ex\u00e9cution des prestations<\/strong><br \/>Ce sont les donn\u00e9es personnelles collect\u00e9es aupr\u00e8s du Client dans le cadre<br \/>d\u2019une r\u00e9servation et de l\u2019ex\u00e9cution des prestations Elles peuvent<br \/>comprendre notamment :<br \/>\u00a0 \u00a0 &#8211; Civilit\u00e9, nom, pr\u00e9nom,<br \/>\u00a0 \u00a0 &#8211; Adresse<br \/>\u00a0 \u00a0 &#8211; E-mail, num\u00e9ro de t\u00e9l\u00e9phone<br \/>\u00a0 \u00a0 &#8211; Toute autre information personnelle que le Client souhaite nous<br \/>communiquer dans le cadre des prestations.<br \/><strong>&#8211; Formulaire de contact<\/strong><br \/>Ce sont les donn\u00e9es personnelles fournies pour prendre contact via le Site.<br \/>Elles comprennent les nom, pr\u00e9nom, e-mail, objet et contenu du message.<br \/><strong>&#8211; Donn\u00e9es de connexion et de navigation<\/strong><br \/>Ces donn\u00e9es de connexion et de navigation comprennent les donn\u00e9es<br \/>mentionn\u00e9es dans la Charte de gestion des cookies accessible sur le Site.<\/p>\t\t\t\t\t\t\t\t<\/div>\n\t\t\t\t<\/div>\n\t\t\t\t<div class=\"elementor-element elementor-element-5106aef elementor-widget elementor-widget-text-editor\" data-id=\"5106aef\" data-element_type=\"widget\" data-widget_type=\"text-editor.default\">\n\t\t\t\t<div class=\"elementor-widget-container\">\n\t\t\t\t\t\t\t\t\t<p><strong>3. FINALITE ET BASE JURIDIQUE DU TRAITEMENT<br \/><\/strong>Vos donn\u00e9es personnelles sont collect\u00e9es en vue des finalit\u00e9s suivantes :<br \/><strong>&#8211; Utilisation de vos donn\u00e9es sur <\/strong><strong>la base de l\u2019ex\u00e9cution du <\/strong><strong>contrat<\/strong><br \/>Sur la base de l\u2019ex\u00e9cution du contrat qui nous lie, la Praticienne utilise vos<br \/>donn\u00e9es pour :<br \/>\u00a0 \u00a0 &#8211; Vous permettre d\u2019utiliser le Site<br \/>\u00a0 \u00a0 &#8211; Traiter vos demandes<br \/>\u00a0 \u00a0 &#8211; Assurer les prestations<br \/><strong>&#8211; Utilisation de vos donn\u00e9es sur la base de votre consentement<\/strong><br \/>Sur la base de votre consentement, la Praticienne utilise vos donn\u00e9es pour\u00a0:\u00a0<br \/>\u00a0 \u00a0 &#8211; Traiter vos donn\u00e9es sensibles<br \/>\u00a0 \u00a0 &#8211; Les finalit\u00e9s mentionn\u00e9es dans la Charte de gestion des cookies<br \/>accessible sur le Site.<br \/><strong>&#8211; Utilisation de vos donn\u00e9es pour respecter nos obligations l\u00e9gales<\/strong><br \/>La Praticienne est susceptible de traiter vos donn\u00e9es \u00e0 des fins de preuve et<br \/>dans le cadre du respect de ses obligations l\u00e9gales.<\/p>\t\t\t\t\t\t\t\t<\/div>\n\t\t\t\t<\/div>\n\t\t\t\t<div class=\"elementor-element elementor-element-bebf889 elementor-widget elementor-widget-text-editor\" data-id=\"bebf889\" data-element_type=\"widget\" data-widget_type=\"text-editor.default\">\n\t\t\t\t<div class=\"elementor-widget-container\">\n\t\t\t\t\t\t\t\t\t<p><strong>4. DUR\u00c9E DE CONSERVATION DES INFORMATIONS PERSONNELLES<br \/><\/strong>La dur\u00e9e de conservation des donn\u00e9es personnelles varie en fonction de la finalit\u00e9 de leur collecte :<br \/>&#8211; Les donn\u00e9es relatives \u00e0 la gestion de votre contrat et de vos s\u00e9ances sont conserv\u00e9es pendant une<br \/>dur\u00e9e de 5 ans apr\u00e8s chaque s\u00e9ance et, au besoin en cas de litige, au-del\u00e0 des 5 ans et jusqu\u2019\u00e0 la fin<br \/>du litige, notamment \u00e0 des fins de preuve.<br \/>&#8211; Les donn\u00e9es relatives \u00e0 l\u2019envoi d\u2019informations et offres commerciales li\u00e9es \u00e0 nos services (nom,<br \/>pr\u00e9nom, email) sont conserv\u00e9es jusqu\u2019\u00e0 votre demande de d\u00e9sinscription ou de suppression de vos<br \/>donn\u00e9es personnelles ou encore apr\u00e8s une p\u00e9riode de 3 ans maximum apr\u00e8s le dernier contact<br \/>\u00e9manant de la personne concern\u00e9e,<br \/>&#8211; Les informations n\u00e9cessaires au respect d\u2019obligations l\u00e9gales sont conserv\u00e9es pendant la dur\u00e9e de<br \/>conservation l\u00e9gale.<\/p>\t\t\t\t\t\t\t\t<\/div>\n\t\t\t\t<\/div>\n\t\t\t\t<div class=\"elementor-element elementor-element-a3139c7 elementor-widget elementor-widget-text-editor\" data-id=\"a3139c7\" data-element_type=\"widget\" data-widget_type=\"text-editor.default\">\n\t\t\t\t<div class=\"elementor-widget-container\">\n\t\t\t\t\t\t\t\t\t<p><strong>5. DESTINATAIRE DES DONN\u00c9ES PERSONNELLES (PERSONNES AYANT ACC\u00c8S AUX DONN\u00c9ES)<br \/><\/strong>Nous nous engageons \u00e0 traiter toutes vos donn\u00e9es personnelles de fa\u00e7on confidentielle.<br \/>Nous ne partageons pas vos donn\u00e9es avec des tiers, sauf dans les cas limit\u00e9s ci-dessous :<br \/>&#8211; Les sous-traitants. La Praticienne peut avoir recours aux services d&#8217;autres soci\u00e9t\u00e9s ou personnes<br \/>ind\u00e9pendantes lesquelles fournissent certains services pour son compte :<br \/>o Prestataires techniques pour les outils de visioconf\u00e9rence (JITSI et WHATSAPP).<br \/>o Prestaire d\u2019h\u00e9bergement (HOSTINGER).<br \/>Ces prestataires peuvent avoir acc\u00e8s aux informations personnelles n\u00e9cessaires \u00e0 l&#8217;ex\u00e9cution de<br \/>leurs prestations mais ne sont pas autoris\u00e9s \u00e0 les utiliser \u00e0 d&#8217;autres fins.<br \/>&#8211; Transfert d&#8217;entreprises ou d&#8217;activit\u00e9s. Dans le cadre du d\u00e9veloppement de ses activit\u00e9s, La<br \/>Praticienne peut \u00eatre amen\u00e9e \u00e0 vendre tout ou partie de ses actifs ou \u00e0 acqu\u00e9rir d\u2019autres soci\u00e9t\u00e9s,<br \/>fonds de commerce, filiales ou branche d&#8217;activit\u00e9. A l&#8217;occasion de telles transactions, les donn\u00e9es<br \/>personnelles trait\u00e9es par l\u2019entreprise font g\u00e9n\u00e9ralement partie des actifs transf\u00e9r\u00e9s mais demeurent<br \/>sujettes \u00e0 toute politique de confidentialit\u00e9 pr\u00e9-existante, sauf accord contraire des personnes<br \/>concern\u00e9es.<br \/>&#8211; Autorit\u00e9s comp\u00e9tentes. Afin de respecter ses obligations l\u00e9gales, la Praticienne peut transf\u00e9rer<br \/>vos donn\u00e9es personnelles aux autorit\u00e9s comp\u00e9tentes.<br \/>&#8211; Avec votre accord.\u00a0Sauf si la Praticienne \u00e9tait amen\u00e9e \u00e0 devoir respecter une obligation l\u00e9gale, la<br \/>Praticienne vous avertirait si ses informations venaient \u00e0 \u00eatre transmises \u00e0 un tiers, \u00e9tant pr\u00e9cis\u00e9<br \/>que vous avez la possibilit\u00e9 de ne pas donner votre accord \u00e0 une telle transmission.<\/p>\t\t\t\t\t\t\t\t<\/div>\n\t\t\t\t<\/div>\n\t\t\t\t<div class=\"elementor-element elementor-element-047eaaf elementor-widget elementor-widget-text-editor\" data-id=\"047eaaf\" data-element_type=\"widget\" data-widget_type=\"text-editor.default\">\n\t\t\t\t<div class=\"elementor-widget-container\">\n\t\t\t\t\t\t\t\t\t<p><strong>6. TRANSFERT DES DONNEES HORS UE<br \/><\/strong>Nous conservons vos donn\u00e9es personnelles au sein de l\u2019Union europ\u00e9enne. Toutefois, certains de nos<br \/>sous-traitants peuvent \u00eatre situ\u00e9s en dehors de l\u2019Union europ\u00e9enne. En cas de transfert de donn\u00e9es<br \/>dans ce cadre, nous v\u00e9rifions que le traitement soit effectu\u00e9 conform\u00e9ment \u00e0 la pr\u00e9sente politique de<br \/>confidentialit\u00e9 et qu\u2019un niveau suffisant de protection est garanti en conformit\u00e9 avec la r\u00e8glementation<br \/>applicable soit dans le cadre d\u2019obligations contractuelles, soit dans le cadre de d\u00e9cisions d\u2019ad\u00e9quation.<\/p>\t\t\t\t\t\t\t\t<\/div>\n\t\t\t\t<\/div>\n\t\t\t\t<div class=\"elementor-element elementor-element-8ebf717 elementor-widget elementor-widget-text-editor\" data-id=\"8ebf717\" data-element_type=\"widget\" data-widget_type=\"text-editor.default\">\n\t\t\t\t<div class=\"elementor-widget-container\">\n\t\t\t\t\t\t\t\t\t<p><strong>7. VOS DROITS EN MATI\u00c8RE D\u2019ACC\u00c8S \u00c0 VOS DONNEES PERSONNELLES<br \/><\/strong>Conform\u00e9ment \u00e0 l\u2019article 13 du R\u00e8glement (UE) 2016\/679 du 27 avril 2016 et \u00e0 l\u2019article 32 de la loi<br \/>78-17 du 6 janvier 1978, vous \u00eates inform\u00e9 que vous disposez des droits suivants :<br \/><strong>&#8211; Droit d\u2019acc\u00e8s<\/strong><br \/>Il s\u2019agit de votre droit d\u2019obtenir la confirmation que vos donn\u00e9es sont trait\u00e9es ou non, et si oui,<br \/>d\u2019acc\u00e9der \u00e0 ces donn\u00e9es.<br \/><strong>&#8211; Droit de rectification<\/strong><br \/>Il s\u2019agit de votre droit d\u2019obtenir, dans les meilleurs d\u00e9lais, que vos donn\u00e9es inexactes soient rectifi\u00e9es,<br \/>et que vos donn\u00e9es incompl\u00e8tes soient compl\u00e9t\u00e9es.<br \/><strong>&#8211; Droit de suppression\/Effacement<\/strong><br \/>Il s\u2019agit de votre droit d\u2019obtenir, dans les meilleurs d\u00e9lais, l\u2019effacement de vos donn\u00e9es, sous r\u00e9serve<br \/>de nos obligations l\u00e9gales de conservation et de notre int\u00e9r\u00eat l\u00e9gitime \u00e0 conserver ces informations.<br \/><strong>&#8211; Droit de limitation<\/strong><br \/>Il s\u2019agit de votre droit d\u2019obtenir la limitation du traitement lorsque vous vous y opposez, lorsque vous<br \/>contestez l\u2019exactitude de vos donn\u00e9es, lorsque vous pensez que leur traitement est illicite, ou lorsque<br \/>vous en avez besoin pour la constatation, l\u2019exercice ou la d\u00e9fense de vos droits en justice.<br \/><strong>&#8211; Droit d\u2019opposition<\/strong><br \/>Il s\u2019agit de votre droit de vous opposer \u00e0 tout moment au traitement de vos donn\u00e9es par La Praticienne,<br \/>sauf en cas de motifs l\u00e9gitimes de la Praticienne. Vous pouvez \u00e9galement vous opposer au traitement<br \/>fait \u00e0 des fins de prospection commerciale.<br \/><strong>&#8211; Droit \u00e0 la portabilit\u00e9<\/strong><br \/>Il s\u2019agit de votre droit de recevoir vos donn\u00e9es dans un format structur\u00e9, couramment utilis\u00e9, lisible<br \/>par machine et interop\u00e9rable, et de les transmettre \u00e0 un autre responsable du traitement sans que nous y<br \/>fassions obstacle.<br \/><strong>&#8211; Droit de ne pas faire l\u2019objet<\/strong> d\u2019une d\u00e9cision fond\u00e9e sur un traitement automatis\u00e9<br \/>Vous avez le droit de ne pas faire l\u2019objet d\u2019une d\u00e9cision fond\u00e9e exclusivement sur un traitement<br \/>automatis\u00e9 produisant des effets juridiques vous concernant ou vous affectant, sauf lorsque cette<br \/>d\u00e9cision est n\u00e9cessaire \u00e0 la conclusion ou \u00e0 l\u2019ex\u00e9cution d\u2019un contrat, ou est autoris\u00e9e l\u00e9galement.<br \/><strong>&#8211; R\u00e9clamations<\/strong><br \/>Vous avez le droit d\u2019introduire une r\u00e9clamation aupr\u00e8s de la Commission nationale de l\u2019informatique<br \/>et des libert\u00e9s (CNIL) : https:\/\/www.cnil.fr\/fr\/plaintes<br \/><strong>&#8211; Directives en cas d\u00e9c\u00e8s<\/strong><br \/>Vous avez le droit de donner des directives pour le sort de vos donn\u00e9es personnelles en cas de d\u00e9c\u00e8s.<br \/><strong>&#8211; Comment exercer vos droits<\/strong><br \/>Vous pouvez adresser toute demande accompagn\u00e9e d\u2019une copie d\u2019une pi\u00e8ce d\u2019identit\u00e9 par e-mail ou<br \/>par voie postale.<br \/>Conform\u00e9ment \u00e0 l\u2019article 17 du R\u00e8glement (UE) 2016\/679 du 27 avril 2016, l\u2019exercice de ces droits ne<br \/>doit pas priver La Praticienne de son droit de conservation afin de se conformer \u00e0 ses obligations<br \/>l\u00e9gales et \u00e0 des fins probatoires.<\/p>\t\t\t\t\t\t\t\t<\/div>\n\t\t\t\t<\/div>\n\t\t\t\t<div class=\"elementor-element elementor-element-635779c elementor-widget elementor-widget-text-editor\" data-id=\"635779c\" data-element_type=\"widget\" data-widget_type=\"text-editor.default\">\n\t\t\t\t<div class=\"elementor-widget-container\">\n\t\t\t\t\t\t\t\t\t<p><strong>8. SECURITE DES DONNEES PERSONNELLES<br \/><\/strong>La Praticienne a mis en place des mesures de s\u00e9curit\u00e9 physiques et \u00e9lectroniques ainsi que des<br \/>proc\u00e9dures de sauvegarde en rapport avec la collecte, la conservation et la communication de vos<br \/>donn\u00e9es personnelles et notamment\u00a0:<br \/>&#8211; La s\u00e9curisation de l\u2019acc\u00e8s \u00e0 nos locaux et \u00e0 nos plateformes informatiques<br \/>&#8211; La s\u00e9curisation de l\u2019acc\u00e8s, du partage et du transfert des donn\u00e9es,<br \/>&#8211; Le haut degr\u00e9 d\u2019exigence en mati\u00e8re de protection des donn\u00e9es lors de la s\u00e9lection de nos<br \/>sous-traitants et, selon le cas, de la part de nos partenaires.<\/p>\t\t\t\t\t\t\t\t<\/div>\n\t\t\t\t<\/div>\n\t\t\t\t<div class=\"elementor-element elementor-element-2f256c6 elementor-widget elementor-widget-text-editor\" data-id=\"2f256c6\" data-element_type=\"widget\" data-widget_type=\"text-editor.default\">\n\t\t\t\t<div class=\"elementor-widget-container\">\n\t\t\t\t\t\t\t\t\t<p><strong>9. MODIFICATION DE LA POLITIQUE<br \/><\/strong>Cette Politique peut \u00eatre modifi\u00e9e, compl\u00e9t\u00e9e ou mise \u00e0 jour afin notamment de se conformer \u00e0 toute<br \/>\u00e9volution l\u00e9gale, r\u00e9glementaire, jurisprudentielle ou technique. Cependant, vos donn\u00e9es personnelles<br \/>seront toujours trait\u00e9es conform\u00e9ment \u00e0 la Politique en vigueur au moment de leur collecte, sauf<br \/>accord de votre part ou si une prescription l\u00e9gale imp\u00e9rative venait \u00e0 en disposer autrement.<\/p>\t\t\t\t\t\t\t\t<\/div>\n\t\t\t\t<\/div>\n\t\t\t\t<div class=\"elementor-element elementor-element-7ebc30f elementor-widget elementor-widget-spacer\" data-id=\"7ebc30f\" data-element_type=\"widget\" data-widget_type=\"spacer.default\">\n\t\t\t\t<div class=\"elementor-widget-container\">\n\t\t\t\t\t\t\t<div class=\"elementor-spacer\">\n\t\t\t<div class=\"elementor-spacer-inner\"><\/div>\n\t\t<\/div>\n\t\t\t\t\t\t<\/div>\n\t\t\t\t<\/div>\n\t\t\t\t\t<\/div>\n\t\t\t\t<\/div>\n\t\t\t\t<\/div>\n\t\t\t\t\t<\/div>\n\t\t\t\t<\/div>\n\t\t\t\t<\/div>\n\t\t","protected":false},"excerpt":{"rendered":"<p>Politique de confidentialit\u00e9 1. PR\u00c9AMBULETout traitement de donn\u00e9es personnelles est effectu\u00e9 sous la responsabilit\u00e9 de Madame RachelANDRUCH exer\u00e7ant sous le statut d\u2019entreprise individuelle laquelle est situ\u00e9e 22 impasse desMarmottes &#8211; 38790 SAINT GEORGES D\u2019ESPERANCHE et dont le num\u00e9ro SIRET est\u00a0: 987\u00a0737\u00a000400018 (Ci-apr\u00e8s \u00ab la Praticienne\u00bb). La Praticienne peut \u00eatre contact\u00e9 par e-mail \u00e0 l\u2019adresse suivante\u00a0:rachel@raccord-de-soi.frCertaines&hellip;&nbsp;<a href=\"https:\/\/raccord-de-soi.fr\/index.php\/politique-de-confidentialite-2\/\" class=\"\" rel=\"bookmark\">Read More &raquo;<span class=\"screen-reader-text\">POLITIQUE DE CONFIDENTIALITE<\/span><\/a><\/p>\n","protected":false},"author":1,"featured_media":0,"parent":0,"menu_order":0,"comment_status":"closed","ping_status":"closed","template":"page-templates\/template-pagebuilder-full-width.php","meta":{"neve_meta_sidebar":"","neve_meta_container":"","neve_meta_enable_content_width":"","neve_meta_content_width":0,"neve_meta_title_alignment":"","neve_meta_author_avatar":"","neve_post_elements_order":"","neve_meta_disable_header":"","neve_meta_disable_footer":"","neve_meta_disable_title":"","_themeisle_gutenberg_block_has_review":false,"footnotes":""},"class_list":["post-802","page","type-page","status-publish","hentry"],"yoast_head":"<!-- This site is optimized with the Yoast SEO plugin v27.6 - https:\/\/yoast.com\/product\/yoast-seo-wordpress\/ -->\n<title>POLITIQUE DE CONFIDENTIALITE - R&#039;Accord de Soi<\/title>\n<meta name=\"robots\" content=\"index, follow, max-snippet:-1, max-image-preview:large, max-video-preview:-1\" \/>\n<link rel=\"canonical\" href=\"https:\/\/raccord-de-soi.fr\/index.php\/politique-de-confidentialite-2\/\" \/>\n<meta property=\"og:locale\" content=\"en_US\" \/>\n<meta property=\"og:type\" content=\"article\" \/>\n<meta property=\"og:title\" content=\"POLITIQUE DE CONFIDENTIALITE - R&#039;Accord de Soi\" \/>\n<meta property=\"og:description\" content=\"Politique de confidentialit\u00e9 1. PR\u00c9AMBULETout traitement de donn\u00e9es personnelles est effectu\u00e9 sous la responsabilit\u00e9 de Madame RachelANDRUCH exer\u00e7ant sous le statut d\u2019entreprise individuelle laquelle est situ\u00e9e 22 impasse desMarmottes &#8211; 38790 SAINT GEORGES D\u2019ESPERANCHE et dont le num\u00e9ro SIRET est\u00a0: 987\u00a0737\u00a000400018 (Ci-apr\u00e8s \u00ab la Praticienne\u00bb). La Praticienne peut \u00eatre contact\u00e9 par e-mail \u00e0 l\u2019adresse suivante\u00a0:rachel@raccord-de-soi.frCertaines&hellip;&nbsp;Read More &raquo;POLITIQUE DE CONFIDENTIALITE\" \/>\n<meta property=\"og:url\" content=\"https:\/\/raccord-de-soi.fr\/index.php\/politique-de-confidentialite-2\/\" \/>\n<meta property=\"og:site_name\" content=\"R&#039;Accord de Soi\" \/>\n<meta property=\"article:modified_time\" content=\"2024-06-17T14:02:23+00:00\" \/>\n<meta name=\"twitter:card\" content=\"summary_large_image\" \/>\n<meta name=\"twitter:label1\" content=\"Est. reading time\" \/>\n\t<meta name=\"twitter:data1\" content=\"8 minutes\" \/>\n<script type=\"application\/ld+json\" class=\"yoast-schema-graph\">{\"@context\":\"https:\\\/\\\/schema.org\",\"@graph\":[{\"@type\":\"WebPage\",\"@id\":\"https:\\\/\\\/raccord-de-soi.fr\\\/index.php\\\/politique-de-confidentialite-2\\\/\",\"url\":\"https:\\\/\\\/raccord-de-soi.fr\\\/index.php\\\/politique-de-confidentialite-2\\\/\",\"name\":\"POLITIQUE DE CONFIDENTIALITE - R&#039;Accord de Soi\",\"isPartOf\":{\"@id\":\"https:\\\/\\\/raccord-de-soi.fr\\\/#website\"},\"datePublished\":\"2024-06-17T10:18:39+00:00\",\"dateModified\":\"2024-06-17T14:02:23+00:00\",\"breadcrumb\":{\"@id\":\"https:\\\/\\\/raccord-de-soi.fr\\\/index.php\\\/politique-de-confidentialite-2\\\/#breadcrumb\"},\"inLanguage\":\"en-US\",\"potentialAction\":[{\"@type\":\"ReadAction\",\"target\":[\"https:\\\/\\\/raccord-de-soi.fr\\\/index.php\\\/politique-de-confidentialite-2\\\/\"]}]},{\"@type\":\"BreadcrumbList\",\"@id\":\"https:\\\/\\\/raccord-de-soi.fr\\\/index.php\\\/politique-de-confidentialite-2\\\/#breadcrumb\",\"itemListElement\":[{\"@type\":\"ListItem\",\"position\":1,\"name\":\"Accueil\",\"item\":\"https:\\\/\\\/raccord-de-soi.fr\\\/\"},{\"@type\":\"ListItem\",\"position\":2,\"name\":\"POLITIQUE DE CONFIDENTIALITE\"}]},{\"@type\":\"WebSite\",\"@id\":\"https:\\\/\\\/raccord-de-soi.fr\\\/#website\",\"url\":\"https:\\\/\\\/raccord-de-soi.fr\\\/\",\"name\":\"R&#039;Accord de Soi\",\"description\":\"\",\"potentialAction\":[{\"@type\":\"SearchAction\",\"target\":{\"@type\":\"EntryPoint\",\"urlTemplate\":\"https:\\\/\\\/raccord-de-soi.fr\\\/?s={search_term_string}\"},\"query-input\":{\"@type\":\"PropertyValueSpecification\",\"valueRequired\":true,\"valueName\":\"search_term_string\"}}],\"inLanguage\":\"en-US\"}]}<\/script>\n<!-- \/ Yoast SEO plugin. -->","yoast_head_json":{"title":"POLITIQUE DE CONFIDENTIALITE - R&#039;Accord de Soi","robots":{"index":"index","follow":"follow","max-snippet":"max-snippet:-1","max-image-preview":"max-image-preview:large","max-video-preview":"max-video-preview:-1"},"canonical":"https:\/\/raccord-de-soi.fr\/index.php\/politique-de-confidentialite-2\/","og_locale":"en_US","og_type":"article","og_title":"POLITIQUE DE CONFIDENTIALITE - R&#039;Accord de Soi","og_description":"Politique de confidentialit\u00e9 1. PR\u00c9AMBULETout traitement de donn\u00e9es personnelles est effectu\u00e9 sous la responsabilit\u00e9 de Madame RachelANDRUCH exer\u00e7ant sous le statut d\u2019entreprise individuelle laquelle est situ\u00e9e 22 impasse desMarmottes &#8211; 38790 SAINT GEORGES D\u2019ESPERANCHE et dont le num\u00e9ro SIRET est\u00a0: 987\u00a0737\u00a000400018 (Ci-apr\u00e8s \u00ab la Praticienne\u00bb). La Praticienne peut \u00eatre contact\u00e9 par e-mail \u00e0 l\u2019adresse suivante\u00a0:rachel@raccord-de-soi.frCertaines&hellip;&nbsp;Read More &raquo;POLITIQUE DE CONFIDENTIALITE","og_url":"https:\/\/raccord-de-soi.fr\/index.php\/politique-de-confidentialite-2\/","og_site_name":"R&#039;Accord de Soi","article_modified_time":"2024-06-17T14:02:23+00:00","twitter_card":"summary_large_image","twitter_misc":{"Est. reading time":"8 minutes"},"schema":{"@context":"https:\/\/schema.org","@graph":[{"@type":"WebPage","@id":"https:\/\/raccord-de-soi.fr\/index.php\/politique-de-confidentialite-2\/","url":"https:\/\/raccord-de-soi.fr\/index.php\/politique-de-confidentialite-2\/","name":"POLITIQUE DE CONFIDENTIALITE - R&#039;Accord de Soi","isPartOf":{"@id":"https:\/\/raccord-de-soi.fr\/#website"},"datePublished":"2024-06-17T10:18:39+00:00","dateModified":"2024-06-17T14:02:23+00:00","breadcrumb":{"@id":"https:\/\/raccord-de-soi.fr\/index.php\/politique-de-confidentialite-2\/#breadcrumb"},"inLanguage":"en-US","potentialAction":[{"@type":"ReadAction","target":["https:\/\/raccord-de-soi.fr\/index.php\/politique-de-confidentialite-2\/"]}]},{"@type":"BreadcrumbList","@id":"https:\/\/raccord-de-soi.fr\/index.php\/politique-de-confidentialite-2\/#breadcrumb","itemListElement":[{"@type":"ListItem","position":1,"name":"Accueil","item":"https:\/\/raccord-de-soi.fr\/"},{"@type":"ListItem","position":2,"name":"POLITIQUE DE CONFIDENTIALITE"}]},{"@type":"WebSite","@id":"https:\/\/raccord-de-soi.fr\/#website","url":"https:\/\/raccord-de-soi.fr\/","name":"R&#039;Accord de Soi","description":"","potentialAction":[{"@type":"SearchAction","target":{"@type":"EntryPoint","urlTemplate":"https:\/\/raccord-de-soi.fr\/?s={search_term_string}"},"query-input":{"@type":"PropertyValueSpecification","valueRequired":true,"valueName":"search_term_string"}}],"inLanguage":"en-US"}]}},"_links":{"self":[{"href":"https:\/\/raccord-de-soi.fr\/index.php\/wp-json\/wp\/v2\/pages\/802","targetHints":{"allow":["GET"]}}],"collection":[{"href":"https:\/\/raccord-de-soi.fr\/index.php\/wp-json\/wp\/v2\/pages"}],"about":[{"href":"https:\/\/raccord-de-soi.fr\/index.php\/wp-json\/wp\/v2\/types\/page"}],"author":[{"embeddable":true,"href":"https:\/\/raccord-de-soi.fr\/index.php\/wp-json\/wp\/v2\/users\/1"}],"replies":[{"embeddable":true,"href":"https:\/\/raccord-de-soi.fr\/index.php\/wp-json\/wp\/v2\/comments?post=802"}],"version-history":[{"count":10,"href":"https:\/\/raccord-de-soi.fr\/index.php\/wp-json\/wp\/v2\/pages\/802\/revisions"}],"predecessor-version":[{"id":831,"href":"https:\/\/raccord-de-soi.fr\/index.php\/wp-json\/wp\/v2\/pages\/802\/revisions\/831"}],"wp:attachment":[{"href":"https:\/\/raccord-de-soi.fr\/index.php\/wp-json\/wp\/v2\/media?parent=802"}],"curies":[{"name":"wp","href":"https:\/\/api.w.org\/{rel}","templated":true}]}}