{"id":789,"date":"2024-06-17T11:52:16","date_gmt":"2024-06-17T09:52:16","guid":{"rendered":"https:\/\/raccord-de-soi.fr\/?page_id=789"},"modified":"2025-05-07T10:05:29","modified_gmt":"2025-05-07T08:05:29","slug":"conditions-generales-dutilisation","status":"publish","type":"page","link":"https:\/\/raccord-de-soi.fr\/index.php\/conditions-generales-dutilisation\/","title":{"rendered":"CONDITIONS GENERALES D\u2019UTILISATION"},"content":{"rendered":"\t\t<div data-elementor-type=\"wp-page\" data-elementor-id=\"789\" class=\"elementor elementor-789\">\n\t\t\t\t<div class=\"elementor-element elementor-element-d474233 e-flex e-con-boxed e-con e-parent\" data-id=\"d474233\" data-element_type=\"container\">\n\t\t\t\t\t<div class=\"e-con-inner\">\n\t\t<div class=\"elementor-element elementor-element-b4b3f03 e-con-full e-flex e-con e-child\" data-id=\"b4b3f03\" data-element_type=\"container\">\n\t\t<div class=\"elementor-element elementor-element-ad1fd5d e-flex e-con-boxed e-con e-child\" data-id=\"ad1fd5d\" data-element_type=\"container\">\n\t\t\t\t\t<div class=\"e-con-inner\">\n\t\t\t\t<div class=\"elementor-element elementor-element-7948b9a elementor-widget elementor-widget-heading\" data-id=\"7948b9a\" data-element_type=\"widget\" data-widget_type=\"heading.default\">\n\t\t\t\t<div class=\"elementor-widget-container\">\n\t\t\t\t\t<h2 class=\"elementor-heading-title elementor-size-default\">Conditions g\u00e9n\u00e9rales d'utilisation<\/h2>\t\t\t\t<\/div>\n\t\t\t\t<\/div>\n\t\t\t\t<div class=\"elementor-element elementor-element-514f690 elementor-widget elementor-widget-text-editor\" data-id=\"514f690\" data-element_type=\"widget\" data-widget_type=\"text-editor.default\">\n\t\t\t\t<div class=\"elementor-widget-container\">\n\t\t\t\t\t\t\t\t\t<p><strong>ARTICLE 1 \u2013 OBJET ET CHAMP D\u2019APPLICATION<br \/><\/strong>Madame ANDRUCH est praticienne experte en psychologie \u00e9nerg\u00e9tique et EFT clinique. Elle propose<br \/>des prestations d\u2019accompagnement en psychologie \u00e9nerg\u00e9tique et cognitivo-\u00e9motionnelle. Son site<br \/>internet est accessible \u00e0 l\u2019adresse www.raccord-de-soi.fr (ci-apr\u00e8s \u00ab\u00a0le Site\u00a0\u00bb). Il s\u2019agit d\u2019un site dit<br \/>\u00ab\u00a0vitrine\u00a0\u00bb qui a pour seul objet de pr\u00e9senter l\u2019activit\u00e9 de la Praticienne.<br \/>Les pr\u00e9sentes Conditions G\u00e9n\u00e9rales d\u2019Utilisation (Ci-apr\u00e8s \u00ab CGU \u00bb) ont pour objet l&#8217;encadrement<br \/>juridique de l&#8217;utilisation du site. Elles s\u2019appliquent \u00e0 tout utilisateur (Ci-apr\u00e8s \u00ab Utilisateur \u00bb) qui<br \/>acc\u00e8de au Site. En acc\u00e9dant au Site, l\u2019Utilisateur accepte les CGU.<\/p>\t\t\t\t\t\t\t\t<\/div>\n\t\t\t\t<\/div>\n\t\t\t\t<div class=\"elementor-element elementor-element-8fb5480 elementor-widget elementor-widget-text-editor\" data-id=\"8fb5480\" data-element_type=\"widget\" data-widget_type=\"text-editor.default\">\n\t\t\t\t<div class=\"elementor-widget-container\">\n\t\t\t\t\t\t\t\t\t<p><strong>ARTICLE 2 \u2013 IDENTITE DE L\u2019EXPLOITANT DE la Praticienne<br \/><\/strong>Le Site est exploit\u00e9 par Madame Rachel ANDRUCH exer\u00e7ant sous le statut d\u2019entreprise individuelle<br \/>laquelle est situ\u00e9e 22 impasse des Marmottes &#8211; 38790 SAINT GEORGES D\u2019ESPERANCHE et dont le<br \/>num\u00e9ro SIRET est\u00a0: 987\u00a0737\u00a0004 00018 (ci-apr\u00e8s \u00ab\u00a0la Praticienne\u00a0\u00bb).<br \/>La Praticienne peut \u00eatre contact\u00e9e pour toute question ou information\u00a0:<br \/>&#8211; Par e-mail \u00e0 l\u2019adresse suivante : rachel@raccord-de-soi.fr<br \/>&#8211; Par t\u00e9l\u00e9phone : au 06.83.17.82.62<\/p>\t\t\t\t\t\t\t\t<\/div>\n\t\t\t\t<\/div>\n\t\t\t\t<div class=\"elementor-element elementor-element-73c3710 elementor-widget elementor-widget-text-editor\" data-id=\"73c3710\" data-element_type=\"widget\" data-widget_type=\"text-editor.default\">\n\t\t\t\t<div class=\"elementor-widget-container\">\n\t\t\t\t\t\t\t\t\t<p><strong>ARTICLE 3 \u2013 ACCES AU SITE<br \/><\/strong>Tout utilisateur ayant acc\u00e8s \u00e0 internet peut acc\u00e9der gratuitement et depuis n&#8217;importe o\u00f9 au Site.<br \/>Les frais de l&#8217;Utilisateur pour y acc\u00e9der (connexion internet, mat\u00e9riel informatique, etc.) sont support\u00e9s<br \/>par celui-ci.<br \/>L\u2019Utilisateur est inform\u00e9 que le Site peut \u00eatre interrompu ou suspendu par la Praticienne, notamment \u00e0<br \/>l&#8217;occasion d&#8217;une maintenance, sans obligation de pr\u00e9avis ou de justification.<\/p>\t\t\t\t\t\t\t\t<\/div>\n\t\t\t\t<\/div>\n\t\t\t\t<div class=\"elementor-element elementor-element-ee05f0b elementor-widget elementor-widget-text-editor\" data-id=\"ee05f0b\" data-element_type=\"widget\" data-widget_type=\"text-editor.default\">\n\t\t\t\t<div class=\"elementor-widget-container\">\n\t\t\t\t\t\t\t\t\t<p><strong>ARTICLE 4 \u2013 RESPONSABILITE<br \/><\/strong>Compte tenu des caract\u00e9ristiques intrins\u00e8ques de l\u2019Internet, la Praticienne ne garantit pas l\u2019Internaute<br \/>contre les risques notamment de d\u00e9tournement, d\u2019intrusion, de contamination et de piratage de ses<br \/>donn\u00e9es, programmes et fichiers, sauf faute de celle-ci. Il appartient \u00e0 l\u2019Internaute de prendre toutes<br \/>mesures appropri\u00e9es de nature \u00e0 prot\u00e9ger ses propres donn\u00e9es, programmes et fichiers notamment<br \/>contre les virus informatiques.<br \/>La Praticienne n\u2019assume aucun engagement ni responsabilit\u00e9, de quelque forme que ce soit, en ce qui<br \/>concerne :<br \/>&#8211; Les cons\u00e9quences en cas de d\u00e9faillance des \u00e9quipements et\/ou r\u00e9seaux informatiques d\u2019un<br \/>Internaute (ordinateur, t\u00e9l\u00e9phone etc.) ;<br \/>&#8211; Les cons\u00e9quences en cas d\u2019interruption ou de d\u00e9faillance du r\u00e9seau Internet et\/ou des services<br \/>d\u2019acc\u00e8s \u00e0 Internet ;<br \/>&#8211; Les cons\u00e9quences du non-respect des consignes donn\u00e9es par la Praticienne.<\/p>\t\t\t\t\t\t\t\t<\/div>\n\t\t\t\t<\/div>\n\t\t\t\t<div class=\"elementor-element elementor-element-ea388ca elementor-widget elementor-widget-text-editor\" data-id=\"ea388ca\" data-element_type=\"widget\" data-widget_type=\"text-editor.default\">\n\t\t\t\t<div class=\"elementor-widget-container\">\n\t\t\t\t\t\t\t\t\t<p><strong>ARTICLE 5 \u2013 DONNEES PERSONNELLES<br \/><\/strong>La politique de confidentialit\u00e9 de la Praticienne est accessible sur le Site.<\/p>\t\t\t\t\t\t\t\t<\/div>\n\t\t\t\t<\/div>\n\t\t\t\t<div class=\"elementor-element elementor-element-104617b elementor-widget elementor-widget-text-editor\" data-id=\"104617b\" data-element_type=\"widget\" data-widget_type=\"text-editor.default\">\n\t\t\t\t<div class=\"elementor-widget-container\">\n\t\t\t\t\t\t\t\t\t<p><strong>ARTICLE 6\u00a0\u2013\u00a0PROPRI\u00c9T\u00c9 INTELLECTUELLE \u2013 PROTECTION DES BASES DE<br \/>DONNEES<br \/><\/strong>Tous les \u00e9l\u00e9ments du Site, qu&#8217;ils soient visuels ou sonores, y compris la technologie sous-jacente, ainsi<br \/>que le nom et les services propos\u00e9s sont prot\u00e9g\u00e9s par un droit de propri\u00e9t\u00e9 intellectuelle tel que droit<br \/>d&#8217;auteur, marque ou brevet. Ils sont la propri\u00e9t\u00e9 exclusive de la Praticienne, de ses partenaires ou de<br \/>ses fournisseurs de contenu. Toute reproduction, repr\u00e9sentation ou r\u00e9utilisation, en tout ou partie, sur<br \/>un quelconque support est interdite. Le non-respect de cette interdiction constitue une contrefa\u00e7on<br \/>pouvant engager la responsabilit\u00e9 civile et p\u00e9nale du contrefacteur. L\u2019Utilisateur qui dispose d&#8217;un site<br \/>Internet \u00e0 titre personnel et qui d\u00e9sire placer, pour un usage personnel, sur son site un lien simple<br \/>renvoyant directement au Site, doit obligatoirement en demander l&#8217;autorisation \u00e9crite et pr\u00e9alable \u00e0 la<br \/>Praticienne, sans que cette autorisation puisse \u00eatre consid\u00e9r\u00e9e comme un accord implicite d\u2019affiliation.<br \/>Dans tous les cas, tout lien devra \u00eatre retir\u00e9 sur simple demande de la Praticienne.<br \/>Il est interdit d\u2019extraire et\/ou de r\u00e9utiliser de fa\u00e7on syst\u00e9matique des parties du Site sans l\u2019autorisation<br \/>\u00e9crite et pr\u00e9alable de la Praticienne. En particulier, il est interdit d\u2019utiliser de robot d&#8217;aspiration de<br \/>donn\u00e9es, ou tout autre outil similaire de collecte ou d&#8217;extraction de donn\u00e9es pour extraire (en une ou<br \/>plusieurs fois), pour r\u00e9utiliser une partie substantielle du Site sans l\u2019autorisation \u00e9crite et pr\u00e9alable de<br \/>la Praticienne. Il est interdit de cr\u00e9er et\/ou de publier des propres bases de donn\u00e9es qui comporteraient<br \/>des parties substantielles du Site sans l\u2019autorisation \u00e9crite et pr\u00e9alable de la Praticienne.<\/p>\t\t\t\t\t\t\t\t<\/div>\n\t\t\t\t<\/div>\n\t\t\t\t<div class=\"elementor-element elementor-element-3d2aea5 elementor-widget elementor-widget-text-editor\" data-id=\"3d2aea5\" data-element_type=\"widget\" data-widget_type=\"text-editor.default\">\n\t\t\t\t<div class=\"elementor-widget-container\">\n\t\t\t\t\t\t\t\t\t<p><strong>ARTICLE 7 \u2013 NON-VALIDITE PARTIELLE<br \/><\/strong>Si une ou plusieurs stipulations des CGU sont tenues pour non-valides ou d\u00e9clar\u00e9es comme telles en<br \/>application d&#8217;une loi, d&#8217;un r\u00e8glement ou \u00e0 la suite d&#8217;une d\u00e9cision d\u00e9finitive d&#8217;une juridiction<br \/>comp\u00e9tente, les autres stipulations garderont toute leur force et leur port\u00e9e.<\/p>\t\t\t\t\t\t\t\t<\/div>\n\t\t\t\t<\/div>\n\t\t\t\t<div class=\"elementor-element elementor-element-7a2f511 elementor-widget elementor-widget-text-editor\" data-id=\"7a2f511\" data-element_type=\"widget\" data-widget_type=\"text-editor.default\">\n\t\t\t\t<div class=\"elementor-widget-container\">\n\t\t\t\t\t\t\t\t\t<p><strong>ARTICLE 8 \u2013 MODIFICATION DU SITE OU DES CGU<br \/><\/strong>La Praticienne se r\u00e9serve le droit de faire des changements \u00e0 son Site et \u00e0 ses CGU \u00e0 tout moment.<br \/>Chaque Utilisateur est soumis aux proc\u00e9dures et CGU en vigueur au moment o\u00f9 il acc\u00e8de au Site.<\/p>\t\t\t\t\t\t\t\t<\/div>\n\t\t\t\t<\/div>\n\t\t\t\t<div class=\"elementor-element elementor-element-5014ff5 elementor-widget elementor-widget-text-editor\" data-id=\"5014ff5\" data-element_type=\"widget\" data-widget_type=\"text-editor.default\">\n\t\t\t\t<div class=\"elementor-widget-container\">\n\t\t\t\t\t\t\t\t\t<p><strong>ARTICLE 9 \u2013 MEDIATION<br \/><\/strong>Conform\u00e9ment \u00e0 l&#8217;article L. 612-1 du Code de la consommation, l\u2019Utilisateur consommateur au sens<br \/>de l\u2019Article liminaire du Code de la consommation, celui-ci a la facult\u00e9 d\u2019introduire une demande de<br \/>r\u00e9solution amiable par voie de m\u00e9diation aupr\u00e8s de\u00a0:<br \/>Nom\u00a0: Soci\u00e9t\u00e9 M\u00e9diation Professionnelle<br \/>Adresse : Alteritae &#8211; 5, rue Salvaing &#8211; 12000 RODEZ<br \/>E-mail\u00a0: \u00a0saisine@www.mediateur-consommation-smp.fr<br \/>Site Internet\u00a0: www.mediateur-consommation-smp.fr<br \/>Conform\u00e9ment \u00e0 l\u2019article 14 du R\u00e8glement (UE) n\u00b0524\/2013, la Commission Europ\u00e9enne a mis en<br \/>place une plateforme de R\u00e8glement en Ligne des Litiges, facilitant le r\u00e8glement ind\u00e9pendant par voie<br \/>extrajudiciaire des litiges en ligne entre consommateurs et professionnels de l\u2019Union europ\u00e9enne. Ce<br \/>Site est accessible au lien suivant :\u00a0https:\/\/webgate.ec.europa.eu\/odr\/.<br \/>S\u2019agissant des professionnels, tout diff\u00e9rend pourra \u00eatre soumis \u00e0 un m\u00e9diateur tel que le M\u00e9diateur<br \/>des entreprises (https:\/\/www.economie.gouv.fr\/mediateur-des-entreprises).<\/p>\t\t\t\t\t\t\t\t<\/div>\n\t\t\t\t<\/div>\n\t\t\t\t<div class=\"elementor-element elementor-element-5ee1916 elementor-widget elementor-widget-text-editor\" data-id=\"5ee1916\" data-element_type=\"widget\" data-widget_type=\"text-editor.default\">\n\t\t\t\t<div class=\"elementor-widget-container\">\n\t\t\t\t\t\t\t\t\t<p><strong>ARTICLE 10 \u2013 LOI APPLICABLE &#8211; CONTESTATION<\/strong><br \/>Les CGU sont soumises \u00e0 la loi fran\u00e7aise. En cas de traduction, la version fran\u00e7aise pr\u00e9vaut. La<br \/>Praticienne ne donne pas de garantie de conformit\u00e9 \u00e0 la l\u00e9gislation locale qui serait applicable d\u00e8s lors<br \/>que l\u2019Utilisateur acc\u00e8de au Site \u00e0 partir d\u2019autres pays.<br \/><br \/>LORSQUE L\u2019UTILISATEUR EST UN COMMERCANT, TOUT LITIGE, QUELLE QUE SOIT SA<br \/>NATURE, RELATIF NOTAMMENT A L\u2019INTERPRETATION, LA VALIDITE ET L\u2019EXECUTION<br \/>DU CONTRAT CONCLU AVEC LA PRATICIENNE MEME EN CAS DE RECOURS EN<br \/>GARANTIE OU DE PLURALITE DE DEFENDEURS, SERA DE LA COMPETENCE<br \/>EXCLUSIVE DE LA JURICTION COMPETENTE DU LIEU DU SIEGE SOCIAL DE LA<br \/>PRATICIENNE.<\/p>\t\t\t\t\t\t\t\t<\/div>\n\t\t\t\t<\/div>\n\t\t\t\t<div class=\"elementor-element elementor-element-86a8893 elementor-widget elementor-widget-spacer\" data-id=\"86a8893\" data-element_type=\"widget\" data-widget_type=\"spacer.default\">\n\t\t\t\t<div class=\"elementor-widget-container\">\n\t\t\t\t\t\t\t<div class=\"elementor-spacer\">\n\t\t\t<div class=\"elementor-spacer-inner\"><\/div>\n\t\t<\/div>\n\t\t\t\t\t\t<\/div>\n\t\t\t\t<\/div>\n\t\t\t\t\t<\/div>\n\t\t\t\t<\/div>\n\t\t\t\t<\/div>\n\t\t\t\t\t<\/div>\n\t\t\t\t<\/div>\n\t\t\t\t<\/div>\n\t\t","protected":false},"excerpt":{"rendered":"<p>Conditions g\u00e9n\u00e9rales d&#8217;utilisation ARTICLE 1 \u2013 OBJET ET CHAMP D\u2019APPLICATIONMadame ANDRUCH est praticienne experte en psychologie \u00e9nerg\u00e9tique et EFT clinique. Elle proposedes prestations d\u2019accompagnement en psychologie \u00e9nerg\u00e9tique et cognitivo-\u00e9motionnelle. Son siteinternet est accessible \u00e0 l\u2019adresse www.raccord-de-soi.fr (ci-apr\u00e8s \u00ab\u00a0le Site\u00a0\u00bb). Il s\u2019agit d\u2019un site dit\u00ab\u00a0vitrine\u00a0\u00bb qui a pour seul objet de pr\u00e9senter l\u2019activit\u00e9 de la Praticienne.Les&hellip;&nbsp;<a href=\"https:\/\/raccord-de-soi.fr\/index.php\/conditions-generales-dutilisation\/\" class=\"\" rel=\"bookmark\">Read More &raquo;<span class=\"screen-reader-text\">CONDITIONS GENERALES D\u2019UTILISATION<\/span><\/a><\/p>\n","protected":false},"author":1,"featured_media":0,"parent":0,"menu_order":0,"comment_status":"closed","ping_status":"closed","template":"","meta":{"neve_meta_sidebar":"","neve_meta_container":"","neve_meta_enable_content_width":"","neve_meta_content_width":0,"neve_meta_title_alignment":"","neve_meta_author_avatar":"","neve_post_elements_order":"","neve_meta_disable_header":"","neve_meta_disable_footer":"","neve_meta_disable_title":"","_themeisle_gutenberg_block_has_review":false,"footnotes":""},"class_list":["post-789","page","type-page","status-publish","hentry"],"yoast_head":"<!-- This site is optimized with the Yoast SEO plugin v27.6 - https:\/\/yoast.com\/product\/yoast-seo-wordpress\/ -->\n<title>CONDITIONS GENERALES D\u2019UTILISATION - R&#039;Accord de Soi<\/title>\n<meta name=\"robots\" content=\"index, follow, max-snippet:-1, max-image-preview:large, max-video-preview:-1\" \/>\n<link rel=\"canonical\" href=\"https:\/\/raccord-de-soi.fr\/index.php\/conditions-generales-dutilisation\/\" \/>\n<meta property=\"og:locale\" content=\"en_US\" \/>\n<meta property=\"og:type\" content=\"article\" \/>\n<meta property=\"og:title\" content=\"CONDITIONS GENERALES D\u2019UTILISATION - R&#039;Accord de Soi\" \/>\n<meta property=\"og:description\" content=\"Conditions g\u00e9n\u00e9rales d&#8217;utilisation ARTICLE 1 \u2013 OBJET ET CHAMP D\u2019APPLICATIONMadame ANDRUCH est praticienne experte en psychologie \u00e9nerg\u00e9tique et EFT clinique. Elle proposedes prestations d\u2019accompagnement en psychologie \u00e9nerg\u00e9tique et cognitivo-\u00e9motionnelle. Son siteinternet est accessible \u00e0 l\u2019adresse www.raccord-de-soi.fr (ci-apr\u00e8s \u00ab\u00a0le Site\u00a0\u00bb). Il s\u2019agit d\u2019un site dit\u00ab\u00a0vitrine\u00a0\u00bb qui a pour seul objet de pr\u00e9senter l\u2019activit\u00e9 de la Praticienne.Les&hellip;&nbsp;Read More &raquo;CONDITIONS GENERALES D\u2019UTILISATION\" \/>\n<meta property=\"og:url\" content=\"https:\/\/raccord-de-soi.fr\/index.php\/conditions-generales-dutilisation\/\" \/>\n<meta property=\"og:site_name\" content=\"R&#039;Accord de Soi\" \/>\n<meta property=\"article:modified_time\" content=\"2025-05-07T08:05:29+00:00\" \/>\n<meta name=\"twitter:card\" content=\"summary_large_image\" \/>\n<meta name=\"twitter:label1\" content=\"Est. reading time\" \/>\n\t<meta name=\"twitter:data1\" content=\"5 minutes\" \/>\n<script type=\"application\/ld+json\" class=\"yoast-schema-graph\">{\"@context\":\"https:\\\/\\\/schema.org\",\"@graph\":[{\"@type\":\"WebPage\",\"@id\":\"https:\\\/\\\/raccord-de-soi.fr\\\/index.php\\\/conditions-generales-dutilisation\\\/\",\"url\":\"https:\\\/\\\/raccord-de-soi.fr\\\/index.php\\\/conditions-generales-dutilisation\\\/\",\"name\":\"CONDITIONS GENERALES D\u2019UTILISATION - R&#039;Accord de Soi\",\"isPartOf\":{\"@id\":\"https:\\\/\\\/raccord-de-soi.fr\\\/#website\"},\"datePublished\":\"2024-06-17T09:52:16+00:00\",\"dateModified\":\"2025-05-07T08:05:29+00:00\",\"breadcrumb\":{\"@id\":\"https:\\\/\\\/raccord-de-soi.fr\\\/index.php\\\/conditions-generales-dutilisation\\\/#breadcrumb\"},\"inLanguage\":\"en-US\",\"potentialAction\":[{\"@type\":\"ReadAction\",\"target\":[\"https:\\\/\\\/raccord-de-soi.fr\\\/index.php\\\/conditions-generales-dutilisation\\\/\"]}]},{\"@type\":\"BreadcrumbList\",\"@id\":\"https:\\\/\\\/raccord-de-soi.fr\\\/index.php\\\/conditions-generales-dutilisation\\\/#breadcrumb\",\"itemListElement\":[{\"@type\":\"ListItem\",\"position\":1,\"name\":\"Accueil\",\"item\":\"https:\\\/\\\/raccord-de-soi.fr\\\/\"},{\"@type\":\"ListItem\",\"position\":2,\"name\":\"CONDITIONS GENERALES D\u2019UTILISATION\"}]},{\"@type\":\"WebSite\",\"@id\":\"https:\\\/\\\/raccord-de-soi.fr\\\/#website\",\"url\":\"https:\\\/\\\/raccord-de-soi.fr\\\/\",\"name\":\"R&#039;Accord de Soi\",\"description\":\"\",\"potentialAction\":[{\"@type\":\"SearchAction\",\"target\":{\"@type\":\"EntryPoint\",\"urlTemplate\":\"https:\\\/\\\/raccord-de-soi.fr\\\/?s={search_term_string}\"},\"query-input\":{\"@type\":\"PropertyValueSpecification\",\"valueRequired\":true,\"valueName\":\"search_term_string\"}}],\"inLanguage\":\"en-US\"}]}<\/script>\n<!-- \/ Yoast SEO plugin. -->","yoast_head_json":{"title":"CONDITIONS GENERALES D\u2019UTILISATION - R&#039;Accord de Soi","robots":{"index":"index","follow":"follow","max-snippet":"max-snippet:-1","max-image-preview":"max-image-preview:large","max-video-preview":"max-video-preview:-1"},"canonical":"https:\/\/raccord-de-soi.fr\/index.php\/conditions-generales-dutilisation\/","og_locale":"en_US","og_type":"article","og_title":"CONDITIONS GENERALES D\u2019UTILISATION - R&#039;Accord de Soi","og_description":"Conditions g\u00e9n\u00e9rales d&#8217;utilisation ARTICLE 1 \u2013 OBJET ET CHAMP D\u2019APPLICATIONMadame ANDRUCH est praticienne experte en psychologie \u00e9nerg\u00e9tique et EFT clinique. Elle proposedes prestations d\u2019accompagnement en psychologie \u00e9nerg\u00e9tique et cognitivo-\u00e9motionnelle. Son siteinternet est accessible \u00e0 l\u2019adresse www.raccord-de-soi.fr (ci-apr\u00e8s \u00ab\u00a0le Site\u00a0\u00bb). Il s\u2019agit d\u2019un site dit\u00ab\u00a0vitrine\u00a0\u00bb qui a pour seul objet de pr\u00e9senter l\u2019activit\u00e9 de la Praticienne.Les&hellip;&nbsp;Read More &raquo;CONDITIONS GENERALES D\u2019UTILISATION","og_url":"https:\/\/raccord-de-soi.fr\/index.php\/conditions-generales-dutilisation\/","og_site_name":"R&#039;Accord de Soi","article_modified_time":"2025-05-07T08:05:29+00:00","twitter_card":"summary_large_image","twitter_misc":{"Est. reading time":"5 minutes"},"schema":{"@context":"https:\/\/schema.org","@graph":[{"@type":"WebPage","@id":"https:\/\/raccord-de-soi.fr\/index.php\/conditions-generales-dutilisation\/","url":"https:\/\/raccord-de-soi.fr\/index.php\/conditions-generales-dutilisation\/","name":"CONDITIONS GENERALES D\u2019UTILISATION - R&#039;Accord de Soi","isPartOf":{"@id":"https:\/\/raccord-de-soi.fr\/#website"},"datePublished":"2024-06-17T09:52:16+00:00","dateModified":"2025-05-07T08:05:29+00:00","breadcrumb":{"@id":"https:\/\/raccord-de-soi.fr\/index.php\/conditions-generales-dutilisation\/#breadcrumb"},"inLanguage":"en-US","potentialAction":[{"@type":"ReadAction","target":["https:\/\/raccord-de-soi.fr\/index.php\/conditions-generales-dutilisation\/"]}]},{"@type":"BreadcrumbList","@id":"https:\/\/raccord-de-soi.fr\/index.php\/conditions-generales-dutilisation\/#breadcrumb","itemListElement":[{"@type":"ListItem","position":1,"name":"Accueil","item":"https:\/\/raccord-de-soi.fr\/"},{"@type":"ListItem","position":2,"name":"CONDITIONS GENERALES D\u2019UTILISATION"}]},{"@type":"WebSite","@id":"https:\/\/raccord-de-soi.fr\/#website","url":"https:\/\/raccord-de-soi.fr\/","name":"R&#039;Accord de Soi","description":"","potentialAction":[{"@type":"SearchAction","target":{"@type":"EntryPoint","urlTemplate":"https:\/\/raccord-de-soi.fr\/?s={search_term_string}"},"query-input":{"@type":"PropertyValueSpecification","valueRequired":true,"valueName":"search_term_string"}}],"inLanguage":"en-US"}]}},"_links":{"self":[{"href":"https:\/\/raccord-de-soi.fr\/index.php\/wp-json\/wp\/v2\/pages\/789","targetHints":{"allow":["GET"]}}],"collection":[{"href":"https:\/\/raccord-de-soi.fr\/index.php\/wp-json\/wp\/v2\/pages"}],"about":[{"href":"https:\/\/raccord-de-soi.fr\/index.php\/wp-json\/wp\/v2\/types\/page"}],"author":[{"embeddable":true,"href":"https:\/\/raccord-de-soi.fr\/index.php\/wp-json\/wp\/v2\/users\/1"}],"replies":[{"embeddable":true,"href":"https:\/\/raccord-de-soi.fr\/index.php\/wp-json\/wp\/v2\/comments?post=789"}],"version-history":[{"count":13,"href":"https:\/\/raccord-de-soi.fr\/index.php\/wp-json\/wp\/v2\/pages\/789\/revisions"}],"predecessor-version":[{"id":958,"href":"https:\/\/raccord-de-soi.fr\/index.php\/wp-json\/wp\/v2\/pages\/789\/revisions\/958"}],"wp:attachment":[{"href":"https:\/\/raccord-de-soi.fr\/index.php\/wp-json\/wp\/v2\/media?parent=789"}],"curies":[{"name":"wp","href":"https:\/\/api.w.org\/{rel}","templated":true}]}}