{"id":695,"date":"2024-03-29T12:01:47","date_gmt":"2024-03-29T11:01:47","guid":{"rendered":"https:\/\/raccord-de-soi.fr\/?page_id=695"},"modified":"2025-02-06T17:15:22","modified_gmt":"2025-02-06T16:15:22","slug":"article-la-maladie-et-les-emotions","status":"publish","type":"page","link":"https:\/\/raccord-de-soi.fr\/index.php\/article-la-maladie-et-les-emotions\/","title":{"rendered":"Article : La maladie et les \u00e9motions"},"content":{"rendered":"<h2>La maladie et les \u00e9motions<\/h2>\n<p>\u00a0<\/p>\n<p>Rep\u00e9rer, \u00e9couter et rel\u00e2cher toutes ses \u00e9motions refoul\u00e9es permet-il de pr\u00e9venir efficacement contre la maladie?<\/p>\n<p>\t\t\t\t\t\t\t\t\t\t\t\t\t<img fetchpriority=\"high\" decoding=\"async\" width=\"1024\" height=\"1024\" src=\"https:\/\/raccord-de-soi.fr\/wp-content\/uploads\/2024\/03\/Cancer-1024x1024.png\" alt=\"\" srcset=\"https:\/\/raccord-de-soi.fr\/wp-content\/uploads\/2024\/03\/Cancer-1024x1024.png 1024w, https:\/\/raccord-de-soi.fr\/wp-content\/uploads\/2024\/03\/Cancer-300x300.png 300w, https:\/\/raccord-de-soi.fr\/wp-content\/uploads\/2024\/03\/Cancer-150x150.png 150w, https:\/\/raccord-de-soi.fr\/wp-content\/uploads\/2024\/03\/Cancer-768x768.png 768w, https:\/\/raccord-de-soi.fr\/wp-content\/uploads\/2024\/03\/Cancer-1536x1536.png 1536w, https:\/\/raccord-de-soi.fr\/wp-content\/uploads\/2024\/03\/Cancer.png 2000w\" sizes=\"(max-width: 1024px) 100vw, 1024px\" \/>\t\t\t\t\t\t\t\t\t\t\t\t\t<\/p>\n<h5>Il y a quelques mois,<\/h5>\n<p>\u00e0 quelques jours pr\u00e8s, 3 de mes proches m\u2019annoncent un cancer du sein\u2026<br \/>3 vies boulevers\u00e9es, 3 familles \u00e9branl\u00e9es, 3 types de cancer,<br \/>3 stades diff\u00e9rents, \u2026 et 3 r\u00e9ponses diff\u00e9rentes\u00a0!<\/p>\n<p>A part la p\u00e9riode de leur vie, entre 50 et 55 ans, qu\u2019avaient-elles donc en commun\u00a0?<br \/>Et bien d\u2019un premier abord, pas grand-chose. Que ce soit dans le domaine de la vie priv\u00e9e ou professionnelle, les histoires, les modes de vies\u2026<br \/>Que s\u2019est-il donc pass\u00e9 pour que cette maladie se d\u00e9clare\u00a0?\u2026.<\/p>\n<p>C\u2019est en lisant des articles, visionnant des webinaires et conf\u00e9rences sur ce sujet, j\u2019ai d\u00e9couvert que lors de certaines \u00e9tudes men\u00e9es sur le cancer, les chercheurs ont pu observer une relation \u00e9troite entre la non-expression des \u00e9motions refoul\u00e9es, comme la col\u00e8re, la peur, la honte, la culpabilit\u00e9 \u2026 et le d\u00e9veloppement de la maladie.<br \/>Articles et Etudes en question: <a href=\"https:\/\/www.sciencedirect.com\/science\/article\/pii\/0022399975900628\">Greer, 1975 &#8211; <\/a><a href=\"https:\/\/www.ncbi.nlm.nih.gov\/pubmed\/7844250\">Fox CM, 1994\u00a0 &#8211; <\/a><a href=\"https:\/\/dx.doi.org\/10.1016\/j.bbi.2013.04.008\">Etude USA, 2013 &#8211; <\/a><a href=\"https:\/\/www-ncbi-nlm-nih-gov.translate.goog\/pmc\/articles\/PMC3939772\/?_x_tr_sl=en&amp;_x_tr_tl=fr&amp;_x_tr_hl=fr&amp;_x_tr_pto=sc\">Etude de Chapman, 2013<\/a><\/p>\n<p>Selon J. Drouin, psychoth\u00e9rapeute sp\u00e9cialis\u00e9 dans les th\u00e9rapies br\u00e8ves dont l\u2019EFT, en alimentation, sant\u00e9, micronutrition et en m\u00e9decine environnementale, le profil type de la personne qui d\u00e9veloppe un cancer est celui du \u2018\u2019super-diplomate\u2019\u2019 :<br \/><strong>\u2018\u2019Tout va bien je g\u00e8re\u00a0!\u2019\u2019<br \/><\/strong>Ca vous parle\u00a0?<\/p>\n<p>\t\t\t\t\t\t\t\t\t\t\t\t\t<img decoding=\"async\" width=\"150\" height=\"150\" src=\"https:\/\/raccord-de-soi.fr\/wp-content\/uploads\/2024\/03\/3-femme-150x150.png\" alt=\"\" srcset=\"https:\/\/raccord-de-soi.fr\/wp-content\/uploads\/2024\/03\/3-femme-150x150.png 150w, https:\/\/raccord-de-soi.fr\/wp-content\/uploads\/2024\/03\/3-femme-300x300.png 300w, https:\/\/raccord-de-soi.fr\/wp-content\/uploads\/2024\/03\/3-femme-1024x1024.png 1024w, https:\/\/raccord-de-soi.fr\/wp-content\/uploads\/2024\/03\/3-femme-768x768.png 768w, https:\/\/raccord-de-soi.fr\/wp-content\/uploads\/2024\/03\/3-femme-1536x1536.png 1536w, https:\/\/raccord-de-soi.fr\/wp-content\/uploads\/2024\/03\/3-femme.png 2000w\" sizes=\"(max-width: 150px) 100vw, 150px\" \/>\t\t\t\t\t\t\t\t\t\t\t\t\t<\/p>\n<h5>Je vous explique\u00a0:<\/h5>\n<p>Bien souvent le Super diplomate r\u00e9prime ses \u00e9motions, est inconscient de sa col\u00e8re, incapable de dire non, fr\u00e9quemment par sensibilit\u00e9 au jugement des autres. Il fait en sorte de faire plaisir aux autres mais en r\u00e9primant ses propres besoins, et fini par se faire exploiter \u00e0 cause de sa gentillesse.<\/p>\n<p>Mais pourquoi cela\u00a0?<br \/>Sans doute dans son enfance, le super diplomate a d\u00fb faire face r\u00e9guli\u00e8rement \u00e0 des situations blessantes, a \u00e9t\u00e9 rabaiss\u00e9 ou humili\u00e9. Ce qui a provoqu\u00e9 chez lui de la col\u00e8re, de la tristesse ou de la honte, qu\u2019il fallait cacher pour ne pas en rajouter.<br \/>Ou peut-\u00eatre que le super diplomate a v\u00e9cu dans un environnement fragile, o\u00f9 pour m\u00e9nager ses parents, par peur de les blesser, il a pris l\u2019habitude de ne pas exprimer ses \u00e9motions.<br \/>Ou encore les parents n\u2019\u00e9taient pas vraiment l\u00e0 pour diverses raisons, et le super diplomate dans son enfance n\u2019a pas eu la chaleur, l\u2019encouragement ou la reconnaissance dont il avait besoin, et a ainsi d\u00e9velopp\u00e9 un lourd sentiment de de d\u00e9valorisation et beaucoup de tristesse, jamais vraiment exprim\u00e9s\u2026<\/p>\n<p>Et c\u2019est ainsi qu\u2019aujourd\u2019hui pour m\u00e9nager les autres, ne pas souffrir, et \u00eatre aim\u00e9, le super diplomate r\u00e9prime ses sentiments.<br \/><strong><a href=\"https:\/\/www.youtube.com\/watch?v=IjmJcPsf4yI\">Mais les \u00e9motions sont toujours l\u00e0 !<\/a><br \/><\/strong>Personnellement, je reconnais bien l\u00e0 les points communs qu\u2019il me manquait tout \u00e0 l\u2019heure !<\/p>\n<h5>Alors que faire\u00a0?<\/h5>\n<p><strong>S\u2019en lib\u00e9rer \u00e9videmment, avant que cela n\u2019explose<\/strong>\u00a0<strong>!<br \/><\/strong>Et que les \u00e9motions ne parlent dans la \u2018\u2019Mal-a-dit\u2019\u2019\u00a0!!!<\/p>\n<p>Accueillir une \u00e9motion, d\u00e9barrasser un \u00e9v\u00e8nement de sa charge \u00e9motionnelle, permet \u00e0 cette m\u00eame \u00e9motion de partir. Elle a fait son job, elle a \u00e9t\u00e9 \u00e9cout\u00e9e elle peut s\u2019en aller.<br \/>Vous vous rendez compte de toutes ces \u00e9motions qui ont \u00e9t\u00e9 refoul\u00e9es, non entendues, tout au long de notre vie et qui restent bloqu\u00e9es \u00e0 l\u2019int\u00e9rieur de nous\u00a0?<br \/>\u00c7a remue, \u00e7a boue, et ne demande qu\u2019\u00e0 \u00eatre \u00e9cout\u00e9 et dispara\u00eetre !<\/p>\n<h5>Il existe une <a href=\"https:\/\/www.youtube.com\/watch?v=P7HWXznbkzA\">proc\u00e9dure de paix personnelle<\/a> :<\/h5>\n<p>Dans un petit carnet, vous notez toutes les exp\u00e9riences de votre vie qui vous ont irrit\u00e9s, bless\u00e9s, etc\u2026 et vous les nettoyez \u00e0 l\u2019aide du protocole EFT.<br \/>Attention pour les exp\u00e9riences tr\u00e8s douloureuse, n\u2019y allez pas seul et faites-vous accompagner par un professionnel qui saura vous guider pour y aller petit \u00e0 petit en toute s\u00e9curit\u00e9. <br \/>Et chaque jour permettez-vous d\u2019accueillir chacune de vos \u00e9motions afin de la lib\u00e9rer rapidement.<\/p>\n<p>D\u2019apr\u00e8s <a href=\"https:\/\/www.youtube.com\/watch?v=3lf3UmFefqw\">Dawson Church<\/a>, seulement <strong>1h d\u2019EFT suffit \u00e0 modifier l\u2019expression de pas moins de 78 g\u00e8nes de notre ADN<\/strong>.<\/p>\n<p>\u00a0<\/p>\n<p>\t\t\t\t\t\t\t\t\t\t\t\t\t<img decoding=\"async\" src=\"https:\/\/raccord-de-soi.fr\/wp-content\/uploads\/elementor\/thumbs\/Dawson-church-qlx6h0b8h1vwioptqexs37jh599mkb2mznldw07cxs.jpg\" title=\"Dawson church\" alt=\"Dawson church\" loading=\"lazy\" \/>\t\t\t\t\t\t\t\t\t\t\t\t\t<\/p>\n<p>A noter quand m\u00eame, qu\u2019aujourd\u2019hui avec les recherches en \u00e9pig\u00e9n\u00e9tique, nous savons que l\u2019ADN n\u2019est pas immuable et que l\u2019expression de nos g\u00e8nes varie selon notre environnement, notre mode de vie, notre alimentation etc\u2026 et \u00e9galement l\u2019expression de nos \u00e9motions.<\/p>\n<p>R\u00e9primer ses \u00e9motions active du stress \u00e0 l\u2019int\u00e9rieur de soi. Ce qui augmente notamment le taux de cortisol, contribue \u00e0 bloquer le syst\u00e8me immunitaire, permet aux cellules canc\u00e9reuses de prolif\u00e9rer, augmente les marqueurs de l\u2019inflammation et donc favorise la croissance tumorale.<br \/>Alors que lib\u00e9rer les \u00e9motions refoul\u00e9es apaise, diminue le stress et ainsi active l\u2019effet inverse avec l\u2019inhibition de la prolif\u00e9ration des cellules tumorales et l\u2019activation les g\u00eanes suppresseurs de tumeur <a href=\"https:\/\/www.ncbi.nlm.nih.gov\/pubmed\/23810011\">(Etude de Sarkar, 2013)<\/a>.<\/p>\n<p>Une chercheuse en oncologie int\u00e9grative, le Dr Kelly Turner, qui a \u00e9tudi\u00e9 1000 cas de r\u00e9mission spontan\u00e9e du cancer, a pu constater que en plus des traitements m\u00e9dicaux, ces personnes ont toutes op\u00e9r\u00e9 dans leur vie ces 9 changements <a href=\"https:\/\/www.amazon.fr\/cl%C3%A9s-r%C3%A9mission-Alimentation-%C3%A9motions-spiritualit%C3%A9\/dp\/2290166421\/ref=pd_sbs_d_sccl_1_1\/257-8631229-8890602?pd_rd_w=N1jnU&amp;content-id=amzn1.sym.81f79662-a697-44ff-bd9b-f6acb40b5faf&amp;pf_rd_p=81f79662-a697-44ff-bd9b-f6acb40b5faf&amp;pf_rd_r=F8A2AJGB1S6M6FFFWXXH&amp;pd_rd_wg=YZZBK&amp;pd_rd_r=1b54539b-be06-4884-bbd3-20b74fe7579c&amp;pd_rd_i=2290166421&amp;psc=1\">(livre chez Poche)<\/a> :<\/p>\n<ul>\n<li>Avoir de fortes raisons de vivre<\/li>\n<li>Augmenter les \u00e9motions agr\u00e9ables<\/li>\n<li>Lib\u00e9rer les \u00e9motions r\u00e9prim\u00e9es<\/li>\n<li>B\u00e9n\u00e9ficier d\u2019un soutien psycho social<\/li>\n<li>Suivre son intuition<\/li>\n<li>Approfondir leur connexion spirituelle (m\u00e9ditation, pri\u00e8res)<\/li>\n<li>Prise de contr\u00f4le de leur sant\u00e9\u00a0: je d\u00e9cide de gu\u00e9rir et j\u2019agis<\/li>\n<li>Changement radicale de leur alimentation<\/li>\n<li>Utiliser des plantes et des compl\u00e9ments alimentaires<\/li>\n<\/ul>\n<p>Vraiment fascinant, n\u2019est-ce pas\u00a0?<\/p>\n<p>en<\/p>\n<p>\t\t\t\t\t\t\t\t\t\t\t\t\t<img decoding=\"async\" src=\"https:\/\/raccord-de-soi.fr\/wp-content\/uploads\/elementor\/thumbs\/Kelly-turner-qlx6h192nvx6uaogkxcenpaxqn4zs06dbs8vda5ym0.jpg\" title=\"Kelly turner\" alt=\"Kelly turner\" loading=\"lazy\" \/>\t\t\t\t\t\t\t\t\t\t\t\t\t<\/p>\n<h5>Alors avec tout \u00e7a?<\/h5>\n<p>M\u00eame si \u00e0 ce jour une multitude d\u2019\u00e9tudes scientifiques ont effectu\u00e9, valid\u00e9 et analys\u00e9 ces observations, il est malgr\u00e9 tout impossible de les justifier et de les expliquer \u00e0 100% de mani\u00e8re purement scientifique : nous pouvons quand m\u00eame nous poser la question de la pr\u00e9vention :<\/p>\n<p>\u00a0 <strong>Rep\u00e9rer, \u00e9couter et rel\u00e2cher toutes ses \u00e9motions refoul\u00e9es permet-il de pr\u00e9venir efficacement contre la maladie\u00a0?<\/strong><\/p>\n<p>Personnellement, je ne sais pas si c\u2019est suffisant, mais je crois fortement que l\u00e2cher et nettoyer chacun des \u00e9v\u00e8nements de notre vie qui nous a impact\u00e9, bless\u00e9, envahi, mais dont nous avons ignor\u00e9 les impacts \u00e9motionnels et cognitifs, contribue grandement \u00e0 vivre mieux, en plus grande s\u00e9r\u00e9nit\u00e9, et en \u00e9nergie cr\u00e9atrice, positive et d\u2019ouverture.<\/p>\n<p>Quoiqu\u2019il en soit, surtout, \u00e0 la moindre grosseur, au moindre doute, consultez votre m\u00e9decin g\u00e9n\u00e9raliste et\/ou votre oncologue\u00a0!<\/p>\n<p>Prenez bien soin de vous, et n\u2019oubliez pas :<br \/>Quels que soit vos d\u00e9saccords,<br \/>Vous m\u00e9ritez de vivre en <strong>Accord de Soi<\/strong>\u00a0!<\/p>\n","protected":false},"excerpt":{"rendered":"<p>La maladie et les \u00e9motions \u00a0 Rep\u00e9rer, \u00e9couter et rel\u00e2cher toutes ses \u00e9motions refoul\u00e9es permet-il de pr\u00e9venir efficacement contre la maladie? Il y a quelques mois, \u00e0 quelques jours pr\u00e8s, 3 de mes proches m\u2019annoncent un cancer du sein\u20263 vies boulevers\u00e9es, 3 familles \u00e9branl\u00e9es, 3 types de cancer,3 stades diff\u00e9rents, \u2026 et 3 r\u00e9ponses diff\u00e9rentes\u00a0!&hellip;&nbsp;<a href=\"https:\/\/raccord-de-soi.fr\/index.php\/article-la-maladie-et-les-emotions\/\" class=\"\" rel=\"bookmark\">Read More &raquo;<span class=\"screen-reader-text\">Article : La maladie et les \u00e9motions<\/span><\/a><\/p>\n","protected":false},"author":1,"featured_media":0,"parent":0,"menu_order":0,"comment_status":"closed","ping_status":"closed","template":"page-templates\/template-pagebuilder-full-width.php","meta":{"neve_meta_sidebar":"","neve_meta_container":"","neve_meta_enable_content_width":"","neve_meta_content_width":0,"neve_meta_title_alignment":"","neve_meta_author_avatar":"","neve_post_elements_order":"","neve_meta_disable_header":"","neve_meta_disable_footer":"","neve_meta_disable_title":"","_themeisle_gutenberg_block_has_review":false,"footnotes":""},"class_list":["post-695","page","type-page","status-publish","hentry"],"yoast_head":"<!-- This site is optimized with the Yoast SEO plugin v27.5 - https:\/\/yoast.com\/product\/yoast-seo-wordpress\/ -->\n<title>Article : La maladie et les \u00e9motions - R&#039;Accord de Soi<\/title>\n<meta name=\"robots\" content=\"index, follow, max-snippet:-1, max-image-preview:large, max-video-preview:-1\" \/>\n<link rel=\"canonical\" href=\"https:\/\/raccord-de-soi.fr\/index.php\/article-la-maladie-et-les-emotions\/\" \/>\n<meta property=\"og:locale\" content=\"en_US\" \/>\n<meta property=\"og:type\" content=\"article\" \/>\n<meta property=\"og:title\" content=\"Article : La maladie et les \u00e9motions - R&#039;Accord de Soi\" \/>\n<meta property=\"og:description\" content=\"La maladie et les \u00e9motions \u00a0 Rep\u00e9rer, \u00e9couter et rel\u00e2cher toutes ses \u00e9motions refoul\u00e9es permet-il de pr\u00e9venir efficacement contre la maladie? Il y a quelques mois, \u00e0 quelques jours pr\u00e8s, 3 de mes proches m\u2019annoncent un cancer du sein\u20263 vies boulevers\u00e9es, 3 familles \u00e9branl\u00e9es, 3 types de cancer,3 stades diff\u00e9rents, \u2026 et 3 r\u00e9ponses diff\u00e9rentes\u00a0!&hellip;&nbsp;Read More &raquo;Article : La maladie et les \u00e9motions\" \/>\n<meta property=\"og:url\" content=\"https:\/\/raccord-de-soi.fr\/index.php\/article-la-maladie-et-les-emotions\/\" \/>\n<meta property=\"og:site_name\" content=\"R&#039;Accord de Soi\" \/>\n<meta property=\"article:modified_time\" content=\"2025-02-06T16:15:22+00:00\" \/>\n<meta property=\"og:image\" content=\"https:\/\/raccord-de-soi.fr\/wp-content\/uploads\/2024\/03\/Cancer-1024x1024.png\" \/>\n<meta name=\"twitter:card\" content=\"summary_large_image\" \/>\n<meta name=\"twitter:label1\" content=\"Est. reading time\" \/>\n\t<meta name=\"twitter:data1\" content=\"6 minutes\" \/>\n<script type=\"application\/ld+json\" class=\"yoast-schema-graph\">{\"@context\":\"https:\\\/\\\/schema.org\",\"@graph\":[{\"@type\":\"WebPage\",\"@id\":\"https:\\\/\\\/raccord-de-soi.fr\\\/index.php\\\/article-la-maladie-et-les-emotions\\\/\",\"url\":\"https:\\\/\\\/raccord-de-soi.fr\\\/index.php\\\/article-la-maladie-et-les-emotions\\\/\",\"name\":\"Article : La maladie et les \u00e9motions - R&#039;Accord de Soi\",\"isPartOf\":{\"@id\":\"https:\\\/\\\/raccord-de-soi.fr\\\/#website\"},\"primaryImageOfPage\":{\"@id\":\"https:\\\/\\\/raccord-de-soi.fr\\\/index.php\\\/article-la-maladie-et-les-emotions\\\/#primaryimage\"},\"image\":{\"@id\":\"https:\\\/\\\/raccord-de-soi.fr\\\/index.php\\\/article-la-maladie-et-les-emotions\\\/#primaryimage\"},\"thumbnailUrl\":\"https:\\\/\\\/raccord-de-soi.fr\\\/wp-content\\\/uploads\\\/2024\\\/03\\\/Cancer-1024x1024.png\",\"datePublished\":\"2024-03-29T11:01:47+00:00\",\"dateModified\":\"2025-02-06T16:15:22+00:00\",\"breadcrumb\":{\"@id\":\"https:\\\/\\\/raccord-de-soi.fr\\\/index.php\\\/article-la-maladie-et-les-emotions\\\/#breadcrumb\"},\"inLanguage\":\"en-US\",\"potentialAction\":[{\"@type\":\"ReadAction\",\"target\":[\"https:\\\/\\\/raccord-de-soi.fr\\\/index.php\\\/article-la-maladie-et-les-emotions\\\/\"]}]},{\"@type\":\"ImageObject\",\"inLanguage\":\"en-US\",\"@id\":\"https:\\\/\\\/raccord-de-soi.fr\\\/index.php\\\/article-la-maladie-et-les-emotions\\\/#primaryimage\",\"url\":\"https:\\\/\\\/raccord-de-soi.fr\\\/wp-content\\\/uploads\\\/2024\\\/03\\\/Cancer.png\",\"contentUrl\":\"https:\\\/\\\/raccord-de-soi.fr\\\/wp-content\\\/uploads\\\/2024\\\/03\\\/Cancer.png\",\"width\":2000,\"height\":2000},{\"@type\":\"BreadcrumbList\",\"@id\":\"https:\\\/\\\/raccord-de-soi.fr\\\/index.php\\\/article-la-maladie-et-les-emotions\\\/#breadcrumb\",\"itemListElement\":[{\"@type\":\"ListItem\",\"position\":1,\"name\":\"Accueil\",\"item\":\"https:\\\/\\\/raccord-de-soi.fr\\\/\"},{\"@type\":\"ListItem\",\"position\":2,\"name\":\"Article : La maladie et les \u00e9motions\"}]},{\"@type\":\"WebSite\",\"@id\":\"https:\\\/\\\/raccord-de-soi.fr\\\/#website\",\"url\":\"https:\\\/\\\/raccord-de-soi.fr\\\/\",\"name\":\"R&#039;Accord de Soi\",\"description\":\"\",\"potentialAction\":[{\"@type\":\"SearchAction\",\"target\":{\"@type\":\"EntryPoint\",\"urlTemplate\":\"https:\\\/\\\/raccord-de-soi.fr\\\/?s={search_term_string}\"},\"query-input\":{\"@type\":\"PropertyValueSpecification\",\"valueRequired\":true,\"valueName\":\"search_term_string\"}}],\"inLanguage\":\"en-US\"}]}<\/script>\n<!-- \/ Yoast SEO plugin. -->","yoast_head_json":{"title":"Article : La maladie et les \u00e9motions - R&#039;Accord de Soi","robots":{"index":"index","follow":"follow","max-snippet":"max-snippet:-1","max-image-preview":"max-image-preview:large","max-video-preview":"max-video-preview:-1"},"canonical":"https:\/\/raccord-de-soi.fr\/index.php\/article-la-maladie-et-les-emotions\/","og_locale":"en_US","og_type":"article","og_title":"Article : La maladie et les \u00e9motions - R&#039;Accord de Soi","og_description":"La maladie et les \u00e9motions \u00a0 Rep\u00e9rer, \u00e9couter et rel\u00e2cher toutes ses \u00e9motions refoul\u00e9es permet-il de pr\u00e9venir efficacement contre la maladie? Il y a quelques mois, \u00e0 quelques jours pr\u00e8s, 3 de mes proches m\u2019annoncent un cancer du sein\u20263 vies boulevers\u00e9es, 3 familles \u00e9branl\u00e9es, 3 types de cancer,3 stades diff\u00e9rents, \u2026 et 3 r\u00e9ponses diff\u00e9rentes\u00a0!&hellip;&nbsp;Read More &raquo;Article : La maladie et les \u00e9motions","og_url":"https:\/\/raccord-de-soi.fr\/index.php\/article-la-maladie-et-les-emotions\/","og_site_name":"R&#039;Accord de Soi","article_modified_time":"2025-02-06T16:15:22+00:00","og_image":[{"url":"https:\/\/raccord-de-soi.fr\/wp-content\/uploads\/2024\/03\/Cancer-1024x1024.png","type":"","width":"","height":""}],"twitter_card":"summary_large_image","twitter_misc":{"Est. reading time":"6 minutes"},"schema":{"@context":"https:\/\/schema.org","@graph":[{"@type":"WebPage","@id":"https:\/\/raccord-de-soi.fr\/index.php\/article-la-maladie-et-les-emotions\/","url":"https:\/\/raccord-de-soi.fr\/index.php\/article-la-maladie-et-les-emotions\/","name":"Article : La maladie et les \u00e9motions - R&#039;Accord de Soi","isPartOf":{"@id":"https:\/\/raccord-de-soi.fr\/#website"},"primaryImageOfPage":{"@id":"https:\/\/raccord-de-soi.fr\/index.php\/article-la-maladie-et-les-emotions\/#primaryimage"},"image":{"@id":"https:\/\/raccord-de-soi.fr\/index.php\/article-la-maladie-et-les-emotions\/#primaryimage"},"thumbnailUrl":"https:\/\/raccord-de-soi.fr\/wp-content\/uploads\/2024\/03\/Cancer-1024x1024.png","datePublished":"2024-03-29T11:01:47+00:00","dateModified":"2025-02-06T16:15:22+00:00","breadcrumb":{"@id":"https:\/\/raccord-de-soi.fr\/index.php\/article-la-maladie-et-les-emotions\/#breadcrumb"},"inLanguage":"en-US","potentialAction":[{"@type":"ReadAction","target":["https:\/\/raccord-de-soi.fr\/index.php\/article-la-maladie-et-les-emotions\/"]}]},{"@type":"ImageObject","inLanguage":"en-US","@id":"https:\/\/raccord-de-soi.fr\/index.php\/article-la-maladie-et-les-emotions\/#primaryimage","url":"https:\/\/raccord-de-soi.fr\/wp-content\/uploads\/2024\/03\/Cancer.png","contentUrl":"https:\/\/raccord-de-soi.fr\/wp-content\/uploads\/2024\/03\/Cancer.png","width":2000,"height":2000},{"@type":"BreadcrumbList","@id":"https:\/\/raccord-de-soi.fr\/index.php\/article-la-maladie-et-les-emotions\/#breadcrumb","itemListElement":[{"@type":"ListItem","position":1,"name":"Accueil","item":"https:\/\/raccord-de-soi.fr\/"},{"@type":"ListItem","position":2,"name":"Article : La maladie et les \u00e9motions"}]},{"@type":"WebSite","@id":"https:\/\/raccord-de-soi.fr\/#website","url":"https:\/\/raccord-de-soi.fr\/","name":"R&#039;Accord de Soi","description":"","potentialAction":[{"@type":"SearchAction","target":{"@type":"EntryPoint","urlTemplate":"https:\/\/raccord-de-soi.fr\/?s={search_term_string}"},"query-input":{"@type":"PropertyValueSpecification","valueRequired":true,"valueName":"search_term_string"}}],"inLanguage":"en-US"}]}},"_links":{"self":[{"href":"https:\/\/raccord-de-soi.fr\/index.php\/wp-json\/wp\/v2\/pages\/695","targetHints":{"allow":["GET"]}}],"collection":[{"href":"https:\/\/raccord-de-soi.fr\/index.php\/wp-json\/wp\/v2\/pages"}],"about":[{"href":"https:\/\/raccord-de-soi.fr\/index.php\/wp-json\/wp\/v2\/types\/page"}],"author":[{"embeddable":true,"href":"https:\/\/raccord-de-soi.fr\/index.php\/wp-json\/wp\/v2\/users\/1"}],"replies":[{"embeddable":true,"href":"https:\/\/raccord-de-soi.fr\/index.php\/wp-json\/wp\/v2\/comments?post=695"}],"version-history":[{"count":8,"href":"https:\/\/raccord-de-soi.fr\/index.php\/wp-json\/wp\/v2\/pages\/695\/revisions"}],"predecessor-version":[{"id":722,"href":"https:\/\/raccord-de-soi.fr\/index.php\/wp-json\/wp\/v2\/pages\/695\/revisions\/722"}],"wp:attachment":[{"href":"https:\/\/raccord-de-soi.fr\/index.php\/wp-json\/wp\/v2\/media?parent=695"}],"curies":[{"name":"wp","href":"https:\/\/api.w.org\/{rel}","templated":true}]}}