{"id":585,"date":"2024-03-13T17:03:09","date_gmt":"2024-03-13T16:03:09","guid":{"rendered":"https:\/\/raccord-de-soi.fr\/?page_id=585"},"modified":"2024-03-14T12:03:04","modified_gmt":"2024-03-14T11:03:04","slug":"article-left-dans-le-monde-scientifique","status":"publish","type":"page","link":"https:\/\/raccord-de-soi.fr\/index.php\/article-left-dans-le-monde-scientifique\/","title":{"rendered":"Article : L\u2019EFT dans le monde scientifique"},"content":{"rendered":"\t\t<div data-elementor-type=\"wp-page\" data-elementor-id=\"585\" class=\"elementor elementor-585\">\n\t\t\t\t<div class=\"elementor-element elementor-element-29566bb e-flex e-con-boxed e-con e-parent\" data-id=\"29566bb\" data-element_type=\"container\">\n\t\t\t\t\t<div class=\"e-con-inner\">\n\t\t<div class=\"elementor-element elementor-element-9a660cb e-con-full e-flex e-con e-child\" data-id=\"9a660cb\" data-element_type=\"container\">\n\t\t\t\t<div class=\"elementor-element elementor-element-bcc273b elementor-widget elementor-widget-heading\" data-id=\"bcc273b\" data-element_type=\"widget\" data-widget_type=\"heading.default\">\n\t\t\t\t<div class=\"elementor-widget-container\">\n\t\t\t\t\t<h2 class=\"elementor-heading-title elementor-size-default\">L\u2019EFT dans le monde scientifique<\/h2>\t\t\t\t<\/div>\n\t\t\t\t<\/div>\n\t\t\t\t<div class=\"elementor-element elementor-element-9b556fc elementor-widget__width-initial elementor-widget-mobile__width-initial elementor-widget-tablet__width-initial elementor-widget elementor-widget-text-editor\" data-id=\"9b556fc\" data-element_type=\"widget\" data-widget_type=\"text-editor.default\">\n\t\t\t\t<div class=\"elementor-widget-container\">\n\t\t\t\t\t\t\t\t\t<p>D\u2019un premier abord, la m\u00e9thode de l\u2019EFT, est une m\u00e9thode qui peut para\u00eetre surprenante\u00a0!<br \/>Trop simple, trop beau, \u00e7a marche trop bien\u00a0!!!<br \/>Et quand m\u00eame, on fait des trucs bizarres \u00e0 se tapoter comme \u00e7a en r\u00e9p\u00e9tant des phrases\u2026<\/p>\t\t\t\t\t\t\t\t<\/div>\n\t\t\t\t<\/div>\n\t\t\t\t<\/div>\n\t\t<div class=\"elementor-element elementor-element-264ab52 e-con-full e-flex e-con e-child\" data-id=\"264ab52\" data-element_type=\"container\">\n\t\t\t\t<div class=\"elementor-element elementor-element-58aebb5 elementor-widget elementor-widget-image\" data-id=\"58aebb5\" data-element_type=\"widget\" data-widget_type=\"image.default\">\n\t\t\t\t<div class=\"elementor-widget-container\">\n\t\t\t\t\t\t\t\t\t\t\t\t\t\t\t<img fetchpriority=\"high\" decoding=\"async\" width=\"1024\" height=\"1024\" src=\"https:\/\/raccord-de-soi.fr\/wp-content\/uploads\/2024\/03\/lEFT-et-la-science-1024x1024.png\" class=\"attachment-large size-large wp-image-584\" alt=\"\" srcset=\"https:\/\/raccord-de-soi.fr\/wp-content\/uploads\/2024\/03\/lEFT-et-la-science-1024x1024.png 1024w, https:\/\/raccord-de-soi.fr\/wp-content\/uploads\/2024\/03\/lEFT-et-la-science-300x300.png 300w, https:\/\/raccord-de-soi.fr\/wp-content\/uploads\/2024\/03\/lEFT-et-la-science-150x150.png 150w, https:\/\/raccord-de-soi.fr\/wp-content\/uploads\/2024\/03\/lEFT-et-la-science-768x768.png 768w, https:\/\/raccord-de-soi.fr\/wp-content\/uploads\/2024\/03\/lEFT-et-la-science-1536x1536.png 1536w, https:\/\/raccord-de-soi.fr\/wp-content\/uploads\/2024\/03\/lEFT-et-la-science.png 2000w\" sizes=\"(max-width: 1024px) 100vw, 1024px\" \/>\t\t\t\t\t\t\t\t\t\t\t\t\t\t\t<\/div>\n\t\t\t\t<\/div>\n\t\t\t\t<\/div>\n\t\t\t\t\t<\/div>\n\t\t\t\t<\/div>\n\t\t<div class=\"elementor-element elementor-element-8369877 e-flex e-con-boxed e-con e-parent\" data-id=\"8369877\" data-element_type=\"container\">\n\t\t\t\t\t<div class=\"e-con-inner\">\n\t\t\t\t\t<\/div>\n\t\t\t\t<\/div>\n\t\t<div class=\"elementor-element elementor-element-1b0d16d e-flex e-con-boxed e-con e-parent\" data-id=\"1b0d16d\" data-element_type=\"container\">\n\t\t\t\t\t<div class=\"e-con-inner\">\n\t\t<div class=\"elementor-element elementor-element-60ed567 e-con-full e-flex e-con e-child\" data-id=\"60ed567\" data-element_type=\"container\">\n\t\t\t\t<div class=\"elementor-element elementor-element-41db3ae elementor-widget__width-initial elementor-widget-mobile__width-initial elementor-widget-tablet__width-initial elementor-widget elementor-widget-text-editor\" data-id=\"41db3ae\" data-element_type=\"widget\" data-widget_type=\"text-editor.default\">\n\t\t\t\t<div class=\"elementor-widget-container\">\n\t\t\t\t\t\t\t\t\t<h5>L\u00e0 je vous l\u2019accorde, cela peut para\u00eetre d\u00e9concertant.<\/h5><p>Et personnellement, quand je vois les r\u00e9sultats je suis toujours \u00e9pat\u00e9e.<br \/>Et pourtant, je sais comment \u00e7a marche, ce qu\u2019il se passe dans le corps et dans le cerveau, entre l\u2019\u00e9nergie, le syst\u00e8me nerveux, les hormones et tout l\u2019appareillage que nous poss\u00e9dons\u2026<br \/>Alors quand on ne connait pas trop tout notre \u00e9quipement biologique, oui, cette m\u00e9thode peut interroger\u00a0!<\/p><p>La chance que nous avons maintenant c\u2019est notre technologie avec l\u2019imagerie mentale et les neurosciences. Pour les plus r\u00e9fractaires, nous avons les preuves que ce n\u2019est pas du charlatanisme, de l\u2019imagination ou de la fiction !!!<\/p><p><strong>Pour commencer, quelques chiffres\u00a0:<br \/><\/strong><br \/>Sur les quelques 400 \u00e0 500 formes de th\u00e9rapies recens\u00e9es de par le monde, L\u2019EFT fait partie du TOP 10 des th\u00e9rapies les mieux document\u00e9es et les plus \u00e9tudi\u00e9es ! Nous pouvons compter plus de 200 \u00e9tudes qui attestent de son efficacit\u00e9, dont pr\u00e8s de 80 essais randomis\u00e9s contr\u00f4l\u00e9s, et pas moins de 5 m\u00e9ta analyses, le tout publi\u00e9s dans des revues internationales \u00e0 comit\u00e9 de lecture.<br \/>Des recherches sont en cours dans le monde entier\u00a0: USA, Su\u00e8de, Turquie, Philippines,<br \/>Angleterre P\u00e9rou, Australie, \u2026<\/p><p>Aux USA, depuis 2012, l\u2019APA (Association Am\u00e9ricaine de la Psychologie) reconnait l\u2019EFT fond\u00e9e sur des donn\u00e9es probantes pour le traitement des phobies, de la d\u00e9pression, de l\u2019anxi\u00e9t\u00e9 et du TSPT, par la division 12 (psychologie clinique) ; et maintenant l\u2019EFT est inscrite au NREPP (Registre am\u00e9ricain des m\u00e9thodes bas\u00e9es sur des preuves).<\/p><p><strong>Impressionnant n\u2019est-ce pas\u00a0?<br \/><\/strong><br \/>En France, nous sommes un peu plus long \u00e0 la d\u00e9tente, mais \u00e7a vient \u2026<br \/>Ce qui est d\u00e9j\u00e0 bien c\u2019est qu\u2019\u00e0 ce jour, cette m\u00e9thode est enseign\u00e9e \u00e0 la facult\u00e9 de m\u00e9decine de Lyon, Metz, Lille et Paris 8, au CESSA de Poitier (Centre d\u2019Education Sp\u00e9cialis\u00e9 pour les Enfants Sourds et Aveugles), IFAS (Institut de Formation des Aides-Soignants) et IFSI (Institut de formation en soins infirmiers) et utilis\u00e9 dans certains h\u00f4pitaux et cliniques psychiatriques.<\/p><p>Mais revenons \u00e0 nos \u00e9tudes scientifiques : Pour vous en donner un exemple, je vais vous pr\u00e9senter une \u00e9tude que je trouve facile \u00e0 comprendre et tr\u00e8s significative\u00a0:<br \/>En 2013, aux USA, Dawson Church*, docteur en m\u00e9decine naturelle et en en sant\u00e9 int\u00e9grative, l\u2019un des pionniers de l\u2019EFT, et grand chercheur dans ce domaine, a pratiqu\u00e9 avec son \u00e9quipe une \u00e9tude randomis\u00e9e et contr\u00f4l\u00e9e sur un groupe de v\u00e9t\u00e9rans pr\u00e9sentant des sympt\u00f4mes cliniques de stress post traumatique (TSPT).<\/p><p>Dans un premier temps, en plus des soins habituels, le groupe A, un groupe al\u00e9atoire de 59 soldats a \u00e9t\u00e9 trait\u00e9 en EFT. Apr\u00e8s 6 s\u00e9ances de 1 heure en EFT, les chercheurs ont pu constater que 90% d\u2019entre eux n\u2019\u00e9taient plus admissibles au diagnostic de TSPT, contre 4% pour le groupe B qui a suivi uniquement les soins standards.<\/p><ul><li>1 \u00e8re constatation : \u00e7a marche ! et \u00e7a marche bien !<br \/>6 mois apr\u00e8s 80% des soldats du groupe A \u00e9taient toujours sous le seuil du diagnostic du TSPT<\/li><\/ul><ul><li>2\u00e8 constation\u00a0: non seulement \u00e7a marche, mais en plus \u00e7a tient\u00a0!<br \/>Puis le groupe B a re\u00e7u ensuite les m\u00eames soins avec l\u2019EFT, et a obtenu les m\u00eames r\u00e9sultats.<\/li><\/ul><p>En 2014, cette \u00e9tude a de nouveau \u00e9t\u00e9 r\u00e9alis\u00e9e avec un autre groupe de chercheur, et avec des r\u00e9sultats encore meilleurs, soit 90% des soldates en dessous du seuil du TSPT<\/p>\t\t\t\t\t\t\t\t<\/div>\n\t\t\t\t<\/div>\n\t\t\t\t<\/div>\n\t\t\t\t\t<\/div>\n\t\t\t\t<\/div>\n\t\t<div class=\"elementor-element elementor-element-2dba59d e-flex e-con-boxed e-con e-parent\" data-id=\"2dba59d\" data-element_type=\"container\">\n\t\t\t\t\t<div class=\"e-con-inner\">\n\t\t<div class=\"elementor-element elementor-element-9fa065d e-con-full e-flex e-con e-child\" data-id=\"9fa065d\" data-element_type=\"container\">\n\t\t\t\t<div class=\"elementor-element elementor-element-02c0676 elementor-widget__width-initial elementor-widget-mobile__width-initial elementor-widget-tablet__width-initial elementor-widget elementor-widget-text-editor\" data-id=\"02c0676\" data-element_type=\"widget\" data-widget_type=\"text-editor.default\">\n\t\t\t\t<div class=\"elementor-widget-container\">\n\t\t\t\t\t\t\t\t\t<h5>Pour les plus curieux&#8230;<\/h5><p>Voici les sites web o\u00f9 vous pouvez consulter les recherches et les \u00e9tudes sur l\u2019EFT et la Psychologie \u00e9nerg\u00e9tique\u00a0:<br \/><a href=\"https:\/\/www.ncbi.nlm.nih.gov\/pmc\/?term=emotional+freedom+techniques+%28EFT%29\">NCBI -Nationnal Center of Biotechnology Information<\/a><br \/><a href=\"https:\/\/eftinternational.org\/discover-eft-tapping\/eft-science-research\/\">EFT International<\/a><br \/><a href=\"https:\/\/www.energypsych.org\/researchdb8c71b7\">ACEP-Association of Comprehensive Energy Psychology (ACEP)<\/a><br \/><a href=\"https:\/\/www.eftuniverse.com\/research-studies\/eft-research\">EFT Universe\u00a0<\/a><br \/><a href=\"https:\/\/ifpec.org\">IFPEC<\/a><\/p>\t\t\t\t\t\t\t\t<\/div>\n\t\t\t\t<\/div>\n\t\t\t\t<\/div>\n\t\t\t\t\t<\/div>\n\t\t\t\t<\/div>\n\t\t<div class=\"elementor-element elementor-element-566e544 e-flex e-con-boxed e-con e-parent\" data-id=\"566e544\" data-element_type=\"container\">\n\t\t\t\t\t<div class=\"e-con-inner\">\n\t\t<div class=\"elementor-element elementor-element-ecf1c63 e-con-full e-flex e-con e-child\" data-id=\"ecf1c63\" data-element_type=\"container\">\n\t\t\t\t<div class=\"elementor-element elementor-element-8eec026 elementor-widget__width-initial elementor-widget-mobile__width-initial elementor-widget-tablet__width-initial elementor-widget elementor-widget-text-editor\" data-id=\"8eec026\" data-element_type=\"widget\" data-widget_type=\"text-editor.default\">\n\t\t\t\t<div class=\"elementor-widget-container\">\n\t\t\t\t\t\t\t\t\t<h5>Je souhaiterai finir avec un chercheur fran\u00e7ais, (cocorico !).\u2026<\/h5><p>Parce qu\u2019en France malgr\u00e9 notre c\u00f4t\u00e9 pusillanime, m\u00e9fiant et ronchon pour tout changement ou \u00e9volution, on trouve quand m\u00eame des m\u00e9decins, scientifiques et chercheurs qui travaillent avec l\u2019EFT et font bouger les choses.<br \/><br \/>Je vous propose donc d\u2019\u00e9couter Aymeric GUILLOT, enseignant chercheur en neuroscience et praticien EFT \u2026 confiant, enthousiaste et optimiste pour l\u2019avenir : \u2018\u2019l\u2019avenir est prometteur !\u2019\u2019 <br \/>Notez au passage, tout de m\u00eame que comme ce monsieur, je suis form\u00e9e aupr\u00e8s JM Gurret \u00e0 l\u2019IFPEC\u00a0!<\/p>\t\t\t\t\t\t\t\t<\/div>\n\t\t\t\t<\/div>\n\t\t\t\t<div class=\"elementor-element elementor-element-9fd83fe elementor-widget elementor-widget-video\" data-id=\"9fd83fe\" data-element_type=\"widget\" data-settings=\"{&quot;youtube_url&quot;:&quot;https:\\\/\\\/www.youtube.com\\\/watch?v=V2wT9yQ-Oho&quot;,&quot;video_type&quot;:&quot;youtube&quot;,&quot;controls&quot;:&quot;yes&quot;}\" data-widget_type=\"video.default\">\n\t\t\t\t<div class=\"elementor-widget-container\">\n\t\t\t\t\t\t\t<div class=\"elementor-wrapper elementor-open-inline\">\n\t\t\t<div class=\"elementor-video\"><\/div>\t\t<\/div>\n\t\t\t\t\t\t<\/div>\n\t\t\t\t<\/div>\n\t\t\t\t<\/div>\n\t\t\t\t\t<\/div>\n\t\t\t\t<\/div>\n\t\t<div class=\"elementor-element elementor-element-8028db8 e-flex e-con-boxed e-con e-parent\" data-id=\"8028db8\" data-element_type=\"container\">\n\t\t\t\t\t<div class=\"e-con-inner\">\n\t\t<div class=\"elementor-element elementor-element-f4b37e7 e-con-full e-flex e-con e-child\" data-id=\"f4b37e7\" data-element_type=\"container\">\n\t\t\t\t<div class=\"elementor-element elementor-element-8d0c8df elementor-widget__width-initial elementor-widget-mobile__width-initial elementor-widget-tablet__width-initial elementor-widget elementor-widget-text-editor\" data-id=\"8d0c8df\" data-element_type=\"widget\" data-widget_type=\"text-editor.default\">\n\t\t\t\t<div class=\"elementor-widget-container\">\n\t\t\t\t\t\t\t\t\t<h5>* Petit bonus\u00a0:<\/h5><p>Dawson Chuch intervient au 2\u00e8me congr\u00e8s europ\u00e9en de psychologie \u00e9nerg\u00e9tique en 2018 qui commence par une version sa fabuleuse et tr\u00e8s r\u00e9put\u00e9e \u00e9com\u00e9ditation : topissime ! A pratiquer r\u00e9guli\u00e8rement : Cette m\u00e9ditation apaise, purifie, et redynamise.<br \/>Pour ma part, je la pratique en mode EFT. Un pur outil de bien-mieux-\u00eatre.<br \/>Si vous venez me voir, nous pourrons la pratiquer ensemble.<\/p><p>En attendant, belle \u00e9coute&#8230;<\/p>\t\t\t\t\t\t\t\t<\/div>\n\t\t\t\t<\/div>\n\t\t\t\t<div class=\"elementor-element elementor-element-aab5d7a elementor-widget elementor-widget-video\" data-id=\"aab5d7a\" data-element_type=\"widget\" data-settings=\"{&quot;youtube_url&quot;:&quot;https:\\\/\\\/www.youtube.com\\\/watch?v=1_Xb4jbZ74o&quot;,&quot;video_type&quot;:&quot;youtube&quot;,&quot;controls&quot;:&quot;yes&quot;}\" data-widget_type=\"video.default\">\n\t\t\t\t<div class=\"elementor-widget-container\">\n\t\t\t\t\t\t\t<div class=\"elementor-wrapper elementor-open-inline\">\n\t\t\t<div class=\"elementor-video\"><\/div>\t\t<\/div>\n\t\t\t\t\t\t<\/div>\n\t\t\t\t<\/div>\n\t\t\t\t<\/div>\n\t\t\t\t\t<\/div>\n\t\t\t\t<\/div>\n\t\t<div class=\"elementor-element elementor-element-1d02923 e-flex e-con-boxed e-con e-parent\" data-id=\"1d02923\" data-element_type=\"container\">\n\t\t\t\t\t<div class=\"e-con-inner\">\n\t\t<div class=\"elementor-element elementor-element-8ead08f e-con-full e-flex e-con e-child\" data-id=\"8ead08f\" data-element_type=\"container\">\n\t\t\t\t<div class=\"elementor-element elementor-element-3306414 elementor-widget__width-initial elementor-widget-mobile__width-initial elementor-widget-tablet__width-initial elementor-widget elementor-widget-text-editor\" data-id=\"3306414\" data-element_type=\"widget\" data-widget_type=\"text-editor.default\">\n\t\t\t\t<div class=\"elementor-widget-container\">\n\t\t\t\t\t\t\t\t\t<p>et n\u2019oubliez pas :<br \/>Quels que soit vos d\u00e9saccords,<br \/>Vous m\u00e9ritez de vivre en <strong>Accord de Soi<\/strong>\u00a0!<\/p>\t\t\t\t\t\t\t\t<\/div>\n\t\t\t\t<\/div>\n\t\t\t\t<\/div>\n\t\t\t\t\t<\/div>\n\t\t\t\t<\/div>\n\t\t<div class=\"elementor-element elementor-element-48d1123 e-flex e-con-boxed e-con e-parent\" data-id=\"48d1123\" data-element_type=\"container\">\n\t\t\t\t\t<div class=\"e-con-inner\">\n\t\t\t\t<div class=\"elementor-element elementor-element-955f55c elementor-widget elementor-widget-spacer\" data-id=\"955f55c\" data-element_type=\"widget\" data-widget_type=\"spacer.default\">\n\t\t\t\t<div class=\"elementor-widget-container\">\n\t\t\t\t\t\t\t<div class=\"elementor-spacer\">\n\t\t\t<div class=\"elementor-spacer-inner\"><\/div>\n\t\t<\/div>\n\t\t\t\t\t\t<\/div>\n\t\t\t\t<\/div>\n\t\t\t\t\t<\/div>\n\t\t\t\t<\/div>\n\t\t\t\t<\/div>\n\t\t","protected":false},"excerpt":{"rendered":"<p>L\u2019EFT dans le monde scientifique D\u2019un premier abord, la m\u00e9thode de l\u2019EFT, est une m\u00e9thode qui peut para\u00eetre surprenante\u00a0!Trop simple, trop beau, \u00e7a marche trop bien\u00a0!!!Et quand m\u00eame, on fait des trucs bizarres \u00e0 se tapoter comme \u00e7a en r\u00e9p\u00e9tant des phrases\u2026 L\u00e0 je vous l\u2019accorde, cela peut para\u00eetre d\u00e9concertant. Et personnellement, quand je vois&hellip;&nbsp;<a href=\"https:\/\/raccord-de-soi.fr\/index.php\/article-left-dans-le-monde-scientifique\/\" class=\"\" rel=\"bookmark\">Read More &raquo;<span class=\"screen-reader-text\">Article : L\u2019EFT dans le monde scientifique<\/span><\/a><\/p>\n","protected":false},"author":1,"featured_media":0,"parent":0,"menu_order":0,"comment_status":"closed","ping_status":"closed","template":"page-templates\/template-pagebuilder-full-width.php","meta":{"neve_meta_sidebar":"","neve_meta_container":"","neve_meta_enable_content_width":"","neve_meta_content_width":0,"neve_meta_title_alignment":"","neve_meta_author_avatar":"","neve_post_elements_order":"","neve_meta_disable_header":"","neve_meta_disable_footer":"","neve_meta_disable_title":"","_themeisle_gutenberg_block_has_review":false,"footnotes":""},"class_list":["post-585","page","type-page","status-publish","hentry"],"yoast_head":"<!-- This site is optimized with the Yoast SEO plugin v27.6 - https:\/\/yoast.com\/product\/yoast-seo-wordpress\/ -->\n<title>Article : L\u2019EFT dans le monde scientifique - R&#039;Accord de Soi<\/title>\n<meta name=\"robots\" content=\"index, follow, max-snippet:-1, max-image-preview:large, max-video-preview:-1\" \/>\n<link rel=\"canonical\" href=\"https:\/\/raccord-de-soi.fr\/index.php\/article-left-dans-le-monde-scientifique\/\" \/>\n<meta property=\"og:locale\" content=\"en_US\" \/>\n<meta property=\"og:type\" content=\"article\" \/>\n<meta property=\"og:title\" content=\"Article : L\u2019EFT dans le monde scientifique - R&#039;Accord de Soi\" \/>\n<meta property=\"og:description\" content=\"L\u2019EFT dans le monde scientifique D\u2019un premier abord, la m\u00e9thode de l\u2019EFT, est une m\u00e9thode qui peut para\u00eetre surprenante\u00a0!Trop simple, trop beau, \u00e7a marche trop bien\u00a0!!!Et quand m\u00eame, on fait des trucs bizarres \u00e0 se tapoter comme \u00e7a en r\u00e9p\u00e9tant des phrases\u2026 L\u00e0 je vous l\u2019accorde, cela peut para\u00eetre d\u00e9concertant. Et personnellement, quand je vois&hellip;&nbsp;Read More &raquo;Article : L\u2019EFT dans le monde scientifique\" \/>\n<meta property=\"og:url\" content=\"https:\/\/raccord-de-soi.fr\/index.php\/article-left-dans-le-monde-scientifique\/\" \/>\n<meta property=\"og:site_name\" content=\"R&#039;Accord de Soi\" \/>\n<meta property=\"article:modified_time\" content=\"2024-03-14T11:03:04+00:00\" \/>\n<meta property=\"og:image\" content=\"https:\/\/raccord-de-soi.fr\/wp-content\/uploads\/2024\/03\/lEFT-et-la-science-1024x1024.png\" \/>\n<meta name=\"twitter:card\" content=\"summary_large_image\" \/>\n<meta name=\"twitter:label1\" content=\"Est. reading time\" \/>\n\t<meta name=\"twitter:data1\" content=\"5 minutes\" \/>\n<script type=\"application\/ld+json\" class=\"yoast-schema-graph\">{\"@context\":\"https:\\\/\\\/schema.org\",\"@graph\":[{\"@type\":\"WebPage\",\"@id\":\"https:\\\/\\\/raccord-de-soi.fr\\\/index.php\\\/article-left-dans-le-monde-scientifique\\\/\",\"url\":\"https:\\\/\\\/raccord-de-soi.fr\\\/index.php\\\/article-left-dans-le-monde-scientifique\\\/\",\"name\":\"Article : L\u2019EFT dans le monde scientifique - R&#039;Accord de Soi\",\"isPartOf\":{\"@id\":\"https:\\\/\\\/raccord-de-soi.fr\\\/#website\"},\"primaryImageOfPage\":{\"@id\":\"https:\\\/\\\/raccord-de-soi.fr\\\/index.php\\\/article-left-dans-le-monde-scientifique\\\/#primaryimage\"},\"image\":{\"@id\":\"https:\\\/\\\/raccord-de-soi.fr\\\/index.php\\\/article-left-dans-le-monde-scientifique\\\/#primaryimage\"},\"thumbnailUrl\":\"https:\\\/\\\/raccord-de-soi.fr\\\/wp-content\\\/uploads\\\/2024\\\/03\\\/lEFT-et-la-science-1024x1024.png\",\"datePublished\":\"2024-03-13T16:03:09+00:00\",\"dateModified\":\"2024-03-14T11:03:04+00:00\",\"breadcrumb\":{\"@id\":\"https:\\\/\\\/raccord-de-soi.fr\\\/index.php\\\/article-left-dans-le-monde-scientifique\\\/#breadcrumb\"},\"inLanguage\":\"en-US\",\"potentialAction\":[{\"@type\":\"ReadAction\",\"target\":[\"https:\\\/\\\/raccord-de-soi.fr\\\/index.php\\\/article-left-dans-le-monde-scientifique\\\/\"]}]},{\"@type\":\"ImageObject\",\"inLanguage\":\"en-US\",\"@id\":\"https:\\\/\\\/raccord-de-soi.fr\\\/index.php\\\/article-left-dans-le-monde-scientifique\\\/#primaryimage\",\"url\":\"https:\\\/\\\/raccord-de-soi.fr\\\/wp-content\\\/uploads\\\/2024\\\/03\\\/lEFT-et-la-science.png\",\"contentUrl\":\"https:\\\/\\\/raccord-de-soi.fr\\\/wp-content\\\/uploads\\\/2024\\\/03\\\/lEFT-et-la-science.png\",\"width\":2000,\"height\":2000},{\"@type\":\"BreadcrumbList\",\"@id\":\"https:\\\/\\\/raccord-de-soi.fr\\\/index.php\\\/article-left-dans-le-monde-scientifique\\\/#breadcrumb\",\"itemListElement\":[{\"@type\":\"ListItem\",\"position\":1,\"name\":\"Accueil\",\"item\":\"https:\\\/\\\/raccord-de-soi.fr\\\/\"},{\"@type\":\"ListItem\",\"position\":2,\"name\":\"Article : L\u2019EFT dans le monde scientifique\"}]},{\"@type\":\"WebSite\",\"@id\":\"https:\\\/\\\/raccord-de-soi.fr\\\/#website\",\"url\":\"https:\\\/\\\/raccord-de-soi.fr\\\/\",\"name\":\"R&#039;Accord de Soi\",\"description\":\"\",\"potentialAction\":[{\"@type\":\"SearchAction\",\"target\":{\"@type\":\"EntryPoint\",\"urlTemplate\":\"https:\\\/\\\/raccord-de-soi.fr\\\/?s={search_term_string}\"},\"query-input\":{\"@type\":\"PropertyValueSpecification\",\"valueRequired\":true,\"valueName\":\"search_term_string\"}}],\"inLanguage\":\"en-US\"}]}<\/script>\n<!-- \/ Yoast SEO plugin. -->","yoast_head_json":{"title":"Article : L\u2019EFT dans le monde scientifique - R&#039;Accord de Soi","robots":{"index":"index","follow":"follow","max-snippet":"max-snippet:-1","max-image-preview":"max-image-preview:large","max-video-preview":"max-video-preview:-1"},"canonical":"https:\/\/raccord-de-soi.fr\/index.php\/article-left-dans-le-monde-scientifique\/","og_locale":"en_US","og_type":"article","og_title":"Article : L\u2019EFT dans le monde scientifique - R&#039;Accord de Soi","og_description":"L\u2019EFT dans le monde scientifique D\u2019un premier abord, la m\u00e9thode de l\u2019EFT, est une m\u00e9thode qui peut para\u00eetre surprenante\u00a0!Trop simple, trop beau, \u00e7a marche trop bien\u00a0!!!Et quand m\u00eame, on fait des trucs bizarres \u00e0 se tapoter comme \u00e7a en r\u00e9p\u00e9tant des phrases\u2026 L\u00e0 je vous l\u2019accorde, cela peut para\u00eetre d\u00e9concertant. Et personnellement, quand je vois&hellip;&nbsp;Read More &raquo;Article : L\u2019EFT dans le monde scientifique","og_url":"https:\/\/raccord-de-soi.fr\/index.php\/article-left-dans-le-monde-scientifique\/","og_site_name":"R&#039;Accord de Soi","article_modified_time":"2024-03-14T11:03:04+00:00","og_image":[{"url":"https:\/\/raccord-de-soi.fr\/wp-content\/uploads\/2024\/03\/lEFT-et-la-science-1024x1024.png","type":"","width":"","height":""}],"twitter_card":"summary_large_image","twitter_misc":{"Est. reading time":"5 minutes"},"schema":{"@context":"https:\/\/schema.org","@graph":[{"@type":"WebPage","@id":"https:\/\/raccord-de-soi.fr\/index.php\/article-left-dans-le-monde-scientifique\/","url":"https:\/\/raccord-de-soi.fr\/index.php\/article-left-dans-le-monde-scientifique\/","name":"Article : L\u2019EFT dans le monde scientifique - R&#039;Accord de Soi","isPartOf":{"@id":"https:\/\/raccord-de-soi.fr\/#website"},"primaryImageOfPage":{"@id":"https:\/\/raccord-de-soi.fr\/index.php\/article-left-dans-le-monde-scientifique\/#primaryimage"},"image":{"@id":"https:\/\/raccord-de-soi.fr\/index.php\/article-left-dans-le-monde-scientifique\/#primaryimage"},"thumbnailUrl":"https:\/\/raccord-de-soi.fr\/wp-content\/uploads\/2024\/03\/lEFT-et-la-science-1024x1024.png","datePublished":"2024-03-13T16:03:09+00:00","dateModified":"2024-03-14T11:03:04+00:00","breadcrumb":{"@id":"https:\/\/raccord-de-soi.fr\/index.php\/article-left-dans-le-monde-scientifique\/#breadcrumb"},"inLanguage":"en-US","potentialAction":[{"@type":"ReadAction","target":["https:\/\/raccord-de-soi.fr\/index.php\/article-left-dans-le-monde-scientifique\/"]}]},{"@type":"ImageObject","inLanguage":"en-US","@id":"https:\/\/raccord-de-soi.fr\/index.php\/article-left-dans-le-monde-scientifique\/#primaryimage","url":"https:\/\/raccord-de-soi.fr\/wp-content\/uploads\/2024\/03\/lEFT-et-la-science.png","contentUrl":"https:\/\/raccord-de-soi.fr\/wp-content\/uploads\/2024\/03\/lEFT-et-la-science.png","width":2000,"height":2000},{"@type":"BreadcrumbList","@id":"https:\/\/raccord-de-soi.fr\/index.php\/article-left-dans-le-monde-scientifique\/#breadcrumb","itemListElement":[{"@type":"ListItem","position":1,"name":"Accueil","item":"https:\/\/raccord-de-soi.fr\/"},{"@type":"ListItem","position":2,"name":"Article : L\u2019EFT dans le monde scientifique"}]},{"@type":"WebSite","@id":"https:\/\/raccord-de-soi.fr\/#website","url":"https:\/\/raccord-de-soi.fr\/","name":"R&#039;Accord de Soi","description":"","potentialAction":[{"@type":"SearchAction","target":{"@type":"EntryPoint","urlTemplate":"https:\/\/raccord-de-soi.fr\/?s={search_term_string}"},"query-input":{"@type":"PropertyValueSpecification","valueRequired":true,"valueName":"search_term_string"}}],"inLanguage":"en-US"}]}},"_links":{"self":[{"href":"https:\/\/raccord-de-soi.fr\/index.php\/wp-json\/wp\/v2\/pages\/585","targetHints":{"allow":["GET"]}}],"collection":[{"href":"https:\/\/raccord-de-soi.fr\/index.php\/wp-json\/wp\/v2\/pages"}],"about":[{"href":"https:\/\/raccord-de-soi.fr\/index.php\/wp-json\/wp\/v2\/types\/page"}],"author":[{"embeddable":true,"href":"https:\/\/raccord-de-soi.fr\/index.php\/wp-json\/wp\/v2\/users\/1"}],"replies":[{"embeddable":true,"href":"https:\/\/raccord-de-soi.fr\/index.php\/wp-json\/wp\/v2\/comments?post=585"}],"version-history":[{"count":10,"href":"https:\/\/raccord-de-soi.fr\/index.php\/wp-json\/wp\/v2\/pages\/585\/revisions"}],"predecessor-version":[{"id":643,"href":"https:\/\/raccord-de-soi.fr\/index.php\/wp-json\/wp\/v2\/pages\/585\/revisions\/643"}],"wp:attachment":[{"href":"https:\/\/raccord-de-soi.fr\/index.php\/wp-json\/wp\/v2\/media?parent=585"}],"curies":[{"name":"wp","href":"https:\/\/api.w.org\/{rel}","templated":true}]}}