{"id":18,"date":"2024-02-19T18:14:04","date_gmt":"2024-02-19T17:14:04","guid":{"rendered":"https:\/\/raccord-de-soi.fr\/?page_id=18"},"modified":"2024-04-26T15:17:43","modified_gmt":"2024-04-26T13:17:43","slug":"eft-par-rachel","status":"publish","type":"page","link":"https:\/\/raccord-de-soi.fr\/index.php\/eft-par-rachel\/","title":{"rendered":"Qui suis-je ?"},"content":{"rendered":"\t\t<div data-elementor-type=\"wp-page\" data-elementor-id=\"18\" class=\"elementor elementor-18\">\n\t\t\t\t<div class=\"elementor-element elementor-element-ac435b6 e-con-full e-flex e-con e-parent\" data-id=\"ac435b6\" data-element_type=\"container\" data-settings=\"{&quot;background_background&quot;:&quot;classic&quot;}\">\n\t\t<div class=\"elementor-element elementor-element-82016c8 e-con-full e-flex e-con e-child\" data-id=\"82016c8\" data-element_type=\"container\">\n\t\t\t\t<div class=\"elementor-element elementor-element-0086cf7 elementor-view-default elementor-widget elementor-widget-icon\" data-id=\"0086cf7\" data-element_type=\"widget\" data-widget_type=\"icon.default\">\n\t\t\t\t<div class=\"elementor-widget-container\">\n\t\t\t\t\t\t\t<div class=\"elementor-icon-wrapper\">\n\t\t\t<div class=\"elementor-icon\">\n\t\t\t<svg xmlns=\"http:\/\/www.w3.org\/2000\/svg\" width=\"3.412\" height=\"63\" viewBox=\"0 0 3.412 63\"><path id=\"Ligne_5\" data-name=\"Ligne 5\" d=\"M.412,61.5a1.5,1.5,0,0,1-1.5-1.49L-1.5.01A1.5,1.5,0,0,1-.01-1.5,1.5,1.5,0,0,1,1.5-.01l.412,60A1.5,1.5,0,0,1,.422,61.5Z\" transform=\"translate(1.5 1.5)\" fill=\"#313131\"><\/path><\/svg>\t\t\t<\/div>\n\t\t<\/div>\n\t\t\t\t\t\t<\/div>\n\t\t\t\t<\/div>\n\t\t\t\t<div class=\"elementor-element elementor-element-65ff857 elementor-widget elementor-widget-heading\" data-id=\"65ff857\" data-element_type=\"widget\" data-widget_type=\"heading.default\">\n\t\t\t\t<div class=\"elementor-widget-container\">\n\t\t\t\t\t<h3 class=\"elementor-heading-title elementor-size-default\">L \u2019 EF T   par Rachel<\/h3>\t\t\t\t<\/div>\n\t\t\t\t<\/div>\n\t\t\t\t<div class=\"elementor-element elementor-element-9146782 elementor-widget elementor-widget-heading\" data-id=\"9146782\" data-element_type=\"widget\" data-widget_type=\"heading.default\">\n\t\t\t\t<div class=\"elementor-widget-container\">\n\t\t\t\t\t<h2 class=\"elementor-heading-title elementor-size-default\">Qui suis-je ?<\/h2>\t\t\t\t<\/div>\n\t\t\t\t<\/div>\n\t\t\t\t<div class=\"elementor-element elementor-element-8124ee5 elementor-widget elementor-widget-image\" data-id=\"8124ee5\" data-element_type=\"widget\" data-widget_type=\"image.default\">\n\t\t\t\t<div class=\"elementor-widget-container\">\n\t\t\t\t\t\t\t\t\t\t\t\t\t\t\t<img fetchpriority=\"high\" decoding=\"async\" width=\"586\" height=\"128\" src=\"https:\/\/raccord-de-soi.fr\/wp-content\/uploads\/2024\/02\/Groupe-122.png\" class=\"attachment-large size-large wp-image-117\" alt=\"Technique EFT par Rachel - citation\" srcset=\"https:\/\/raccord-de-soi.fr\/wp-content\/uploads\/2024\/02\/Groupe-122.png 586w, https:\/\/raccord-de-soi.fr\/wp-content\/uploads\/2024\/02\/Groupe-122-300x66.png 300w\" sizes=\"(max-width: 586px) 100vw, 586px\" \/>\t\t\t\t\t\t\t\t\t\t\t\t\t\t\t<\/div>\n\t\t\t\t<\/div>\n\t\t\t\t<div class=\"elementor-element elementor-element-f5822d3 elementor-widget elementor-widget-spacer\" data-id=\"f5822d3\" data-element_type=\"widget\" data-widget_type=\"spacer.default\">\n\t\t\t\t<div class=\"elementor-widget-container\">\n\t\t\t\t\t\t\t<div class=\"elementor-spacer\">\n\t\t\t<div class=\"elementor-spacer-inner\"><\/div>\n\t\t<\/div>\n\t\t\t\t\t\t<\/div>\n\t\t\t\t<\/div>\n\t\t\t\t<div class=\"elementor-element elementor-element-eb65953 elementor-widget elementor-widget-text-editor\" data-id=\"eb65953\" data-element_type=\"widget\" data-widget_type=\"text-editor.default\">\n\t\t\t\t<div class=\"elementor-widget-container\">\n\t\t\t\t\t\t\t\t\t<p>L\u2019 \u00e9coute et la bienveillance envers chacun a toujours fait partie de ma fa\u00e7on de vivre.<\/p><p>Suite \u00e0 un accident de vie tout d\u2019abord, puis gr\u00e2ce \u00e0 mon naturel curieux et une forte volont\u00e9 de progresser toujours et encore, j\u2019ai personnellement un long parcours rythm\u00e9 par diverses techniques d\u2019accompagnement.<\/p><p>Riche d\u2019exp\u00e9riences multiples, de chutes et de rel\u00e8vements, de voyages, de d\u00e9couvertes et de rencontres, j\u2019ai enfin choisi de m\u2019\u00e9couter et de me tourner professionnellement vers l\u2019autre.<\/p><p>Je me suis ainsi form\u00e9e \u00e0 l\u2019IFPEC. Cet institut fut choisi avec attention : pour la qualit\u00e9 et la richesse de ses formations ; pour le niveau et le professionnalisme des intervenants ; et pour l\u2019ouverture sur de nombreuses techniques qui int\u00e8grent les d\u00e9couvertes les plus r\u00e9centes et les plus efficaces en psychologie, notamment dans le courant \u00e9nerg\u00e9tique. Nous a donc \u00e9t\u00e9 enseign\u00e9 les bases de :<\/p>\t\t\t\t\t\t\t\t<\/div>\n\t\t\t\t<\/div>\n\t\t\t\t<div class=\"elementor-element elementor-element-4368fce elementor-widget elementor-widget-text-editor\" data-id=\"4368fce\" data-element_type=\"widget\" data-widget_type=\"text-editor.default\">\n\t\t\t\t<div class=\"elementor-widget-container\">\n\t\t\t\t\t\t\t\t\t<p>la REconsolisation des M\u00e9moires (REM),<br \/>le Syst\u00e8me Int\u00e9rieur Familial (IFS),<br \/>l\u2019approche Neurocognitive (ANC),<br \/>la th\u00e9orie polyvagale et la th\u00e9orie de l\u2019attachement,<br \/>la Th\u00e9rapie Cognitivo-comportementale (TCC),<br \/>la M\u00e9decine Traditinnelle chinoise (MTC) ,&#8230;<\/p>\t\t\t\t\t\t\t\t<\/div>\n\t\t\t\t<\/div>\n\t\t\t\t<div class=\"elementor-element elementor-element-d0197b1 elementor-widget elementor-widget-text-editor\" data-id=\"d0197b1\" data-element_type=\"widget\" data-widget_type=\"text-editor.default\">\n\t\t\t\t<div class=\"elementor-widget-container\">\n\t\t\t\t\t\t\t\t\t<p>\u00a0<strong>mais surtout et avant tout, pour la d\u00e9couverte, la pratique et la maitrise approfondie de ce formidable outil qu\u2019est l\u2019EFT.<\/strong><\/p><p>C\u2019est ainsi que je suis devenue praticienne en EFT clinique et en psychologie \u00e9nerg\u00e9tique et cognitivo-\u00e9motionnelle.<br \/>R\u2019Accord de Soi s\u2019\u00e9tablit alors comme une \u00e9vidence sur ce parcours &#8220;EFT par Rachel&#8221;, afin de vous accompagner sur votre chemin de vie.<\/p>\t\t\t\t\t\t\t\t<\/div>\n\t\t\t\t<\/div>\n\t\t\t\t<\/div>\n\t\t<div class=\"elementor-element elementor-element-cf33f5c e-con-full elementor-hidden-tablet elementor-hidden-mobile e-flex e-con e-child\" data-id=\"cf33f5c\" data-element_type=\"container\">\n\t\t\t\t<\/div>\n\t\t\t\t<\/div>\n\t\t<div class=\"elementor-element elementor-element-85a9078 e-con-full e-flex e-con e-parent\" data-id=\"85a9078\" data-element_type=\"container\" data-settings=\"{&quot;background_background&quot;:&quot;classic&quot;}\">\n\t\t<div class=\"elementor-element elementor-element-7865e04 e-con-full e-flex e-con e-child\" data-id=\"7865e04\" data-element_type=\"container\">\n\t\t\t\t<div class=\"elementor-element elementor-element-a0814e1 elementor-widget elementor-widget-text-editor\" data-id=\"a0814e1\" data-element_type=\"widget\" data-widget_type=\"text-editor.default\">\n\t\t\t\t<div class=\"elementor-widget-container\">\n\t\t\t\t\t\t\t\t\t<p>Passionn\u00e9e par le pouvoir de r\u00e9silience que chaque \u00eatre porte en lui, je suis enthousiaste par la qualit\u00e9 de ces outils d\u2019accompagnement. J\u2019ai \u00e0 c\u0153ur de vous les faire partager et de vous aider \u00e0 faire de chacune de vos exp\u00e9riences, une force de vie. Mais aussi de vous raccorder \u00e0 qui vous \u00eates vraiment et de vous aider \u00e0 enfin vivre pleinement chaque instant.<\/p>\t\t\t\t\t\t\t\t<\/div>\n\t\t\t\t<\/div>\n\t\t\t\t<div class=\"elementor-element elementor-element-646877d elementor-widget elementor-widget-button\" data-id=\"646877d\" data-element_type=\"widget\" data-widget_type=\"button.default\">\n\t\t\t\t<div class=\"elementor-widget-container\">\n\t\t\t\t\t\t\t\t\t<div class=\"elementor-button-wrapper\">\n\t\t\t\t\t<a class=\"elementor-button elementor-button-link elementor-size-md\" href=\"https:\/\/raccord-de-soi.fr\/index.php\/technique-de-liberation-emotionnelle\/\">\n\t\t\t\t\t\t<span class=\"elementor-button-content-wrapper\">\n\t\t\t\t\t\t\t\t\t<span class=\"elementor-button-text\">Voir les techniques<\/span>\n\t\t\t\t\t<\/span>\n\t\t\t\t\t<\/a>\n\t\t\t\t<\/div>\n\t\t\t\t\t\t\t\t<\/div>\n\t\t\t\t<\/div>\n\t\t\t\t<\/div>\n\t\t<div class=\"elementor-element elementor-element-50b4c55 e-con-full e-flex e-con e-child\" data-id=\"50b4c55\" data-element_type=\"container\">\n\t\t\t\t<div class=\"elementor-element elementor-element-6aed39a elementor-widget elementor-widget-image\" data-id=\"6aed39a\" data-element_type=\"widget\" data-widget_type=\"image.default\">\n\t\t\t\t<div class=\"elementor-widget-container\">\n\t\t\t\t\t\t\t\t\t\t\t\t\t\t\t<img decoding=\"async\" width=\"641\" height=\"1024\" src=\"https:\/\/raccord-de-soi.fr\/wp-content\/uploads\/2024\/02\/Groupe-defilant-2-641x1024.png\" class=\"attachment-large size-large wp-image-120\" alt=\"Technique EFT par Rachel\" srcset=\"https:\/\/raccord-de-soi.fr\/wp-content\/uploads\/2024\/02\/Groupe-defilant-2-641x1024.png 641w, https:\/\/raccord-de-soi.fr\/wp-content\/uploads\/2024\/02\/Groupe-defilant-2-188x300.png 188w, https:\/\/raccord-de-soi.fr\/wp-content\/uploads\/2024\/02\/Groupe-defilant-2-768x1227.png 768w, https:\/\/raccord-de-soi.fr\/wp-content\/uploads\/2024\/02\/Groupe-defilant-2.png 793w\" sizes=\"(max-width: 641px) 100vw, 641px\" \/>\t\t\t\t\t\t\t\t\t\t\t\t\t\t\t<\/div>\n\t\t\t\t<\/div>\n\t\t\t\t<\/div>\n\t\t\t\t<\/div>\n\t\t<div class=\"elementor-element elementor-element-8076cca e-con-full e-flex e-con e-parent\" data-id=\"8076cca\" data-element_type=\"container\">\n\t\t\t\t<div class=\"elementor-element elementor-element-e6d6d2d elementor-view-default elementor-widget elementor-widget-icon\" data-id=\"e6d6d2d\" data-element_type=\"widget\" data-widget_type=\"icon.default\">\n\t\t\t\t<div class=\"elementor-widget-container\">\n\t\t\t\t\t\t\t<div class=\"elementor-icon-wrapper\">\n\t\t\t<div class=\"elementor-icon\">\n\t\t\t<svg xmlns=\"http:\/\/www.w3.org\/2000\/svg\" width=\"185.768\" height=\"153.752\" viewBox=\"0 0 185.768 153.752\"><g id=\"Groupe_313\" data-name=\"Groupe 313\" transform=\"translate(44.758 -1507.44)\"><g id=\"Groupe_237\" data-name=\"Groupe 237\" transform=\"translate(-44.758 1507.44)\"><path id=\"Trac&#xE9;_571\" data-name=\"Trac&#xE9; 571\" d=\"M387.521,275.375c24.5,11.592,41.94,36.893,44.051,63.916,2.378-16.038,13.235-29.918,26.639-39.038s29.208-14.031,45-17.7c3.918,28.307-1.383,60.809-24.182,78.036,25.383-4.4,55.031,11.459,66.844,34.352-19.59,15.488-44.534,27.044-69.468,25.637a186.153,186.153,0,0,1-45.485-9.1c-13.052-4.424-27.61-13.8-35.978-24.971a100.774,100.774,0,0,1-17.031-35.356,105.263,105.263,0,0,1-2.528-39.273c.4-3.169,9.086-37.95,12.139-36.505\" transform=\"translate(-360.104 -275.331)\" fill=\"#26423f\"><\/path><path id=\"Trac&#xE9;_572\" data-name=\"Trac&#xE9; 572\" d=\"M469.179,427.83q-2.1,0-4.227-.12a185.879,185.879,0,0,1-45.634-9.125c-14.162-4.8-28.391-14.68-36.248-25.167a101.152,101.152,0,0,1-17.126-35.553,106.507,106.507,0,0,1-2.541-39.484c.317-2.516,8.178-34.823,11.936-36.885a1.077,1.077,0,0,1,1-.058,79.268,79.268,0,0,1,43.975,60.576c3.183-13.564,12.545-26.392,26.158-35.654,14.4-9.8,31.715-14.652,45.188-17.785l.6-.139.083.61c4.584,33.118-3.9,61.782-22.723,77.242,24.642-3.169,53.564,12.168,65.329,34.964l.213.412-.364.288c-12.48,9.867-37.131,25.876-65.623,25.878M375.894,282.472c-2.656.782-10.843,31.823-11.374,36.051a105.348,105.348,0,0,0,2.515,39.061,100.02,100.02,0,0,0,16.936,35.159c7.73,10.317,21.747,20.043,35.709,24.775a184.641,184.641,0,0,0,45.337,9.07c29.618,1.648,55.63-14.951,68.722-25.23-12.033-22.814-41.546-37.875-66.034-33.645l-2.289.4,1.854-1.4c19.546-14.771,28.516-43.485,24.045-76.9-13.289,3.114-30.174,7.929-44.208,17.477-14.607,9.94-24.229,24.03-26.4,38.656l-.73,4.923-.388-4.962a78.018,78.018,0,0,0-43.7-63.435\" transform=\"translate(-362.601 -274.078)\" fill=\"#f4f4f4\"><\/path><\/g><\/g><\/svg>\t\t\t<\/div>\n\t\t<\/div>\n\t\t\t\t\t\t<\/div>\n\t\t\t\t<\/div>\n\t\t\t\t<\/div>\n\t\t\t\t<\/div>\n\t\t","protected":false},"excerpt":{"rendered":"<p>L \u2019 EF T par Rachel Qui suis-je ? L\u2019 \u00e9coute et la bienveillance envers chacun a toujours fait partie de ma fa\u00e7on de vivre. Suite \u00e0 un accident de vie tout d\u2019abord, puis gr\u00e2ce \u00e0 mon naturel curieux et une forte volont\u00e9 de progresser toujours et encore, j\u2019ai personnellement un long parcours rythm\u00e9 par&hellip;&nbsp;<a href=\"https:\/\/raccord-de-soi.fr\/index.php\/eft-par-rachel\/\" class=\"\" rel=\"bookmark\">Read More &raquo;<span class=\"screen-reader-text\">Qui suis-je ?<\/span><\/a><\/p>\n","protected":false},"author":1,"featured_media":0,"parent":0,"menu_order":0,"comment_status":"closed","ping_status":"closed","template":"page-templates\/template-pagebuilder-full-width.php","meta":{"neve_meta_sidebar":"","neve_meta_container":"","neve_meta_enable_content_width":"","neve_meta_content_width":0,"neve_meta_title_alignment":"","neve_meta_author_avatar":"","neve_post_elements_order":"","neve_meta_disable_header":"","neve_meta_disable_footer":"","neve_meta_disable_title":"","_themeisle_gutenberg_block_has_review":false,"footnotes":""},"class_list":["post-18","page","type-page","status-publish","hentry"],"yoast_head":"<!-- This site is optimized with the Yoast SEO plugin v27.6 - https:\/\/yoast.com\/product\/yoast-seo-wordpress\/ -->\n<title>Technique EFT par Rachel - Qui suis-je ? - R&#039;Accord de Soi -<\/title>\n<meta name=\"description\" content=\"R&#039;Accord de Soi, c&#039;est un accompagnement dans les techniques EFT par Rachel, pour soulager votre quotidien. Rendez-vous pr\u00e8s de Lyon.\" \/>\n<meta name=\"robots\" content=\"index, follow, max-snippet:-1, max-image-preview:large, max-video-preview:-1\" \/>\n<link rel=\"canonical\" href=\"https:\/\/raccord-de-soi.fr\/index.php\/eft-par-rachel\/\" \/>\n<meta property=\"og:locale\" content=\"en_US\" \/>\n<meta property=\"og:type\" content=\"article\" \/>\n<meta property=\"og:title\" content=\"Technique EFT par Rachel - Qui suis-je ? - R&#039;Accord de Soi -\" \/>\n<meta property=\"og:description\" content=\"R&#039;Accord de Soi, c&#039;est un accompagnement dans les techniques EFT par Rachel, pour soulager votre quotidien. Rendez-vous pr\u00e8s de Lyon.\" \/>\n<meta property=\"og:url\" content=\"https:\/\/raccord-de-soi.fr\/index.php\/eft-par-rachel\/\" \/>\n<meta property=\"og:site_name\" content=\"R&#039;Accord de Soi\" \/>\n<meta property=\"article:modified_time\" content=\"2024-04-26T13:17:43+00:00\" \/>\n<meta property=\"og:image\" content=\"https:\/\/raccord-de-soi.fr\/wp-content\/uploads\/2024\/02\/Groupe-122.png\" \/>\n<meta name=\"twitter:card\" content=\"summary_large_image\" \/>\n<meta name=\"twitter:label1\" content=\"Est. reading time\" \/>\n\t<meta name=\"twitter:data1\" content=\"2 minutes\" \/>\n<script type=\"application\/ld+json\" class=\"yoast-schema-graph\">{\"@context\":\"https:\\\/\\\/schema.org\",\"@graph\":[{\"@type\":\"WebPage\",\"@id\":\"https:\\\/\\\/raccord-de-soi.fr\\\/index.php\\\/eft-par-rachel\\\/\",\"url\":\"https:\\\/\\\/raccord-de-soi.fr\\\/index.php\\\/eft-par-rachel\\\/\",\"name\":\"Technique EFT par Rachel - Qui suis-je ? - R&#039;Accord de Soi -\",\"isPartOf\":{\"@id\":\"https:\\\/\\\/raccord-de-soi.fr\\\/#website\"},\"primaryImageOfPage\":{\"@id\":\"https:\\\/\\\/raccord-de-soi.fr\\\/index.php\\\/eft-par-rachel\\\/#primaryimage\"},\"image\":{\"@id\":\"https:\\\/\\\/raccord-de-soi.fr\\\/index.php\\\/eft-par-rachel\\\/#primaryimage\"},\"thumbnailUrl\":\"https:\\\/\\\/raccord-de-soi.fr\\\/wp-content\\\/uploads\\\/2024\\\/02\\\/Groupe-122.png\",\"datePublished\":\"2024-02-19T17:14:04+00:00\",\"dateModified\":\"2024-04-26T13:17:43+00:00\",\"description\":\"R'Accord de Soi, c'est un accompagnement dans les techniques EFT par Rachel, pour soulager votre quotidien. Rendez-vous pr\u00e8s de Lyon.\",\"breadcrumb\":{\"@id\":\"https:\\\/\\\/raccord-de-soi.fr\\\/index.php\\\/eft-par-rachel\\\/#breadcrumb\"},\"inLanguage\":\"en-US\",\"potentialAction\":[{\"@type\":\"ReadAction\",\"target\":[\"https:\\\/\\\/raccord-de-soi.fr\\\/index.php\\\/eft-par-rachel\\\/\"]}]},{\"@type\":\"ImageObject\",\"inLanguage\":\"en-US\",\"@id\":\"https:\\\/\\\/raccord-de-soi.fr\\\/index.php\\\/eft-par-rachel\\\/#primaryimage\",\"url\":\"https:\\\/\\\/raccord-de-soi.fr\\\/wp-content\\\/uploads\\\/2024\\\/02\\\/Groupe-122.png\",\"contentUrl\":\"https:\\\/\\\/raccord-de-soi.fr\\\/wp-content\\\/uploads\\\/2024\\\/02\\\/Groupe-122.png\",\"width\":586,\"height\":128,\"caption\":\"Technique EFT par Rachel - citation\"},{\"@type\":\"BreadcrumbList\",\"@id\":\"https:\\\/\\\/raccord-de-soi.fr\\\/index.php\\\/eft-par-rachel\\\/#breadcrumb\",\"itemListElement\":[{\"@type\":\"ListItem\",\"position\":1,\"name\":\"Accueil\",\"item\":\"https:\\\/\\\/raccord-de-soi.fr\\\/\"},{\"@type\":\"ListItem\",\"position\":2,\"name\":\"Qui suis-je ?\"}]},{\"@type\":\"WebSite\",\"@id\":\"https:\\\/\\\/raccord-de-soi.fr\\\/#website\",\"url\":\"https:\\\/\\\/raccord-de-soi.fr\\\/\",\"name\":\"R&#039;Accord de Soi\",\"description\":\"\",\"potentialAction\":[{\"@type\":\"SearchAction\",\"target\":{\"@type\":\"EntryPoint\",\"urlTemplate\":\"https:\\\/\\\/raccord-de-soi.fr\\\/?s={search_term_string}\"},\"query-input\":{\"@type\":\"PropertyValueSpecification\",\"valueRequired\":true,\"valueName\":\"search_term_string\"}}],\"inLanguage\":\"en-US\"}]}<\/script>\n<!-- \/ Yoast SEO plugin. -->","yoast_head_json":{"title":"Technique EFT par Rachel - Qui suis-je ? - R&#039;Accord de Soi -","description":"R'Accord de Soi, c'est un accompagnement dans les techniques EFT par Rachel, pour soulager votre quotidien. Rendez-vous pr\u00e8s de Lyon.","robots":{"index":"index","follow":"follow","max-snippet":"max-snippet:-1","max-image-preview":"max-image-preview:large","max-video-preview":"max-video-preview:-1"},"canonical":"https:\/\/raccord-de-soi.fr\/index.php\/eft-par-rachel\/","og_locale":"en_US","og_type":"article","og_title":"Technique EFT par Rachel - Qui suis-je ? - R&#039;Accord de Soi -","og_description":"R'Accord de Soi, c'est un accompagnement dans les techniques EFT par Rachel, pour soulager votre quotidien. Rendez-vous pr\u00e8s de Lyon.","og_url":"https:\/\/raccord-de-soi.fr\/index.php\/eft-par-rachel\/","og_site_name":"R&#039;Accord de Soi","article_modified_time":"2024-04-26T13:17:43+00:00","og_image":[{"url":"https:\/\/raccord-de-soi.fr\/wp-content\/uploads\/2024\/02\/Groupe-122.png","type":"","width":"","height":""}],"twitter_card":"summary_large_image","twitter_misc":{"Est. reading time":"2 minutes"},"schema":{"@context":"https:\/\/schema.org","@graph":[{"@type":"WebPage","@id":"https:\/\/raccord-de-soi.fr\/index.php\/eft-par-rachel\/","url":"https:\/\/raccord-de-soi.fr\/index.php\/eft-par-rachel\/","name":"Technique EFT par Rachel - Qui suis-je ? - R&#039;Accord de Soi -","isPartOf":{"@id":"https:\/\/raccord-de-soi.fr\/#website"},"primaryImageOfPage":{"@id":"https:\/\/raccord-de-soi.fr\/index.php\/eft-par-rachel\/#primaryimage"},"image":{"@id":"https:\/\/raccord-de-soi.fr\/index.php\/eft-par-rachel\/#primaryimage"},"thumbnailUrl":"https:\/\/raccord-de-soi.fr\/wp-content\/uploads\/2024\/02\/Groupe-122.png","datePublished":"2024-02-19T17:14:04+00:00","dateModified":"2024-04-26T13:17:43+00:00","description":"R'Accord de Soi, c'est un accompagnement dans les techniques EFT par Rachel, pour soulager votre quotidien. Rendez-vous pr\u00e8s de Lyon.","breadcrumb":{"@id":"https:\/\/raccord-de-soi.fr\/index.php\/eft-par-rachel\/#breadcrumb"},"inLanguage":"en-US","potentialAction":[{"@type":"ReadAction","target":["https:\/\/raccord-de-soi.fr\/index.php\/eft-par-rachel\/"]}]},{"@type":"ImageObject","inLanguage":"en-US","@id":"https:\/\/raccord-de-soi.fr\/index.php\/eft-par-rachel\/#primaryimage","url":"https:\/\/raccord-de-soi.fr\/wp-content\/uploads\/2024\/02\/Groupe-122.png","contentUrl":"https:\/\/raccord-de-soi.fr\/wp-content\/uploads\/2024\/02\/Groupe-122.png","width":586,"height":128,"caption":"Technique EFT par Rachel - citation"},{"@type":"BreadcrumbList","@id":"https:\/\/raccord-de-soi.fr\/index.php\/eft-par-rachel\/#breadcrumb","itemListElement":[{"@type":"ListItem","position":1,"name":"Accueil","item":"https:\/\/raccord-de-soi.fr\/"},{"@type":"ListItem","position":2,"name":"Qui suis-je ?"}]},{"@type":"WebSite","@id":"https:\/\/raccord-de-soi.fr\/#website","url":"https:\/\/raccord-de-soi.fr\/","name":"R&#039;Accord de Soi","description":"","potentialAction":[{"@type":"SearchAction","target":{"@type":"EntryPoint","urlTemplate":"https:\/\/raccord-de-soi.fr\/?s={search_term_string}"},"query-input":{"@type":"PropertyValueSpecification","valueRequired":true,"valueName":"search_term_string"}}],"inLanguage":"en-US"}]}},"_links":{"self":[{"href":"https:\/\/raccord-de-soi.fr\/index.php\/wp-json\/wp\/v2\/pages\/18","targetHints":{"allow":["GET"]}}],"collection":[{"href":"https:\/\/raccord-de-soi.fr\/index.php\/wp-json\/wp\/v2\/pages"}],"about":[{"href":"https:\/\/raccord-de-soi.fr\/index.php\/wp-json\/wp\/v2\/types\/page"}],"author":[{"embeddable":true,"href":"https:\/\/raccord-de-soi.fr\/index.php\/wp-json\/wp\/v2\/users\/1"}],"replies":[{"embeddable":true,"href":"https:\/\/raccord-de-soi.fr\/index.php\/wp-json\/wp\/v2\/comments?post=18"}],"version-history":[{"count":28,"href":"https:\/\/raccord-de-soi.fr\/index.php\/wp-json\/wp\/v2\/pages\/18\/revisions"}],"predecessor-version":[{"id":747,"href":"https:\/\/raccord-de-soi.fr\/index.php\/wp-json\/wp\/v2\/pages\/18\/revisions\/747"}],"wp:attachment":[{"href":"https:\/\/raccord-de-soi.fr\/index.php\/wp-json\/wp\/v2\/media?parent=18"}],"curies":[{"name":"wp","href":"https:\/\/api.w.org\/{rel}","templated":true}]}}