{"id":107,"date":"2024-02-20T18:27:31","date_gmt":"2024-02-20T17:27:31","guid":{"rendered":"https:\/\/raccord-de-soi.fr\/?page_id=107"},"modified":"2025-02-07T14:30:51","modified_gmt":"2025-02-07T13:30:51","slug":"engagement","status":"publish","type":"page","link":"https:\/\/raccord-de-soi.fr\/index.php\/engagement\/","title":{"rendered":"Mon engagement"},"content":{"rendered":"\t\t<div data-elementor-type=\"wp-page\" data-elementor-id=\"107\" class=\"elementor elementor-107\">\n\t\t\t\t<div class=\"elementor-element elementor-element-0060d0d e-flex e-con-boxed e-con e-parent\" data-id=\"0060d0d\" data-element_type=\"container\" data-settings=\"{&quot;background_background&quot;:&quot;classic&quot;}\">\n\t\t\t\t\t<div class=\"e-con-inner\">\n\t\t<div class=\"elementor-element elementor-element-b657d90 e-con-full e-flex e-con e-child\" data-id=\"b657d90\" data-element_type=\"container\">\n\t\t\t\t<div class=\"elementor-element elementor-element-779f033 elementor-view-default elementor-widget elementor-widget-icon\" data-id=\"779f033\" data-element_type=\"widget\" data-widget_type=\"icon.default\">\n\t\t\t\t<div class=\"elementor-widget-container\">\n\t\t\t\t\t\t\t<div class=\"elementor-icon-wrapper\">\n\t\t\t<div class=\"elementor-icon\">\n\t\t\t<svg xmlns=\"http:\/\/www.w3.org\/2000\/svg\" width=\"3.412\" height=\"63\" viewBox=\"0 0 3.412 63\"><path id=\"Ligne_5\" data-name=\"Ligne 5\" d=\"M.412,61.5a1.5,1.5,0,0,1-1.5-1.49L-1.5.01A1.5,1.5,0,0,1-.01-1.5,1.5,1.5,0,0,1,1.5-.01l.412,60A1.5,1.5,0,0,1,.422,61.5Z\" transform=\"translate(1.5 1.5)\" fill=\"#313131\"><\/path><\/svg>\t\t\t<\/div>\n\t\t<\/div>\n\t\t\t\t\t\t<\/div>\n\t\t\t\t<\/div>\n\t\t\t\t<div class=\"elementor-element elementor-element-c63b7a6 elementor-widget elementor-widget-heading\" data-id=\"c63b7a6\" data-element_type=\"widget\" data-widget_type=\"heading.default\">\n\t\t\t\t<div class=\"elementor-widget-container\">\n\t\t\t\t\t<h3 class=\"elementor-heading-title elementor-size-default\">Mon diapason<\/h3>\t\t\t\t<\/div>\n\t\t\t\t<\/div>\n\t\t\t\t<div class=\"elementor-element elementor-element-c166d3f elementor-widget elementor-widget-heading\" data-id=\"c166d3f\" data-element_type=\"widget\" data-widget_type=\"heading.default\">\n\t\t\t\t<div class=\"elementor-widget-container\">\n\t\t\t\t\t<h2 class=\"elementor-heading-title elementor-size-default\">Mon engagement<\/h2>\t\t\t\t<\/div>\n\t\t\t\t<\/div>\n\t\t\t\t<div class=\"elementor-element elementor-element-7957f18 elementor-widget elementor-widget-image\" data-id=\"7957f18\" data-element_type=\"widget\" data-widget_type=\"image.default\">\n\t\t\t\t<div class=\"elementor-widget-container\">\n\t\t\t\t\t\t\t\t\t\t\t\t\t\t\t<img fetchpriority=\"high\" decoding=\"async\" width=\"682\" height=\"128\" src=\"https:\/\/raccord-de-soi.fr\/wp-content\/uploads\/2024\/02\/Groupe-266.png\" class=\"attachment-large size-large wp-image-112\" alt=\"Je m&#039;engage - citation\" srcset=\"https:\/\/raccord-de-soi.fr\/wp-content\/uploads\/2024\/02\/Groupe-266.png 682w, https:\/\/raccord-de-soi.fr\/wp-content\/uploads\/2024\/02\/Groupe-266-300x56.png 300w\" sizes=\"(max-width: 682px) 100vw, 682px\" \/>\t\t\t\t\t\t\t\t\t\t\t\t\t\t\t<\/div>\n\t\t\t\t<\/div>\n\t\t\t\t<\/div>\n\t\t<div class=\"elementor-element elementor-element-d28c30c e-con-full e-flex e-con e-child\" data-id=\"d28c30c\" data-element_type=\"container\">\n\t\t\t\t<div class=\"elementor-element elementor-element-9a5b143 elementor-widget elementor-widget-image\" data-id=\"9a5b143\" data-element_type=\"widget\" data-widget_type=\"image.default\">\n\t\t\t\t<div class=\"elementor-widget-container\">\n\t\t\t\t\t\t\t\t\t\t\t\t\t\t\t<img decoding=\"async\" width=\"880\" height=\"432\" src=\"https:\/\/raccord-de-soi.fr\/wp-content\/uploads\/2024\/02\/Groupe-309.png\" class=\"attachment-large size-large wp-image-110\" alt=\"Je m&#039;engage en photo\" srcset=\"https:\/\/raccord-de-soi.fr\/wp-content\/uploads\/2024\/02\/Groupe-309.png 880w, https:\/\/raccord-de-soi.fr\/wp-content\/uploads\/2024\/02\/Groupe-309-300x147.png 300w, https:\/\/raccord-de-soi.fr\/wp-content\/uploads\/2024\/02\/Groupe-309-768x377.png 768w\" sizes=\"(max-width: 880px) 100vw, 880px\" \/>\t\t\t\t\t\t\t\t\t\t\t\t\t\t\t<\/div>\n\t\t\t\t<\/div>\n\t\t\t\t<\/div>\n\t\t\t\t\t<\/div>\n\t\t\t\t<\/div>\n\t\t<div class=\"elementor-element elementor-element-2a5b4d4 e-flex e-con-boxed e-con e-parent\" data-id=\"2a5b4d4\" data-element_type=\"container\" data-settings=\"{&quot;background_background&quot;:&quot;classic&quot;}\">\n\t\t\t\t\t<div class=\"e-con-inner\">\n\t\t<div class=\"elementor-element elementor-element-e74ca22 e-con-full e-flex e-con e-child\" data-id=\"e74ca22\" data-element_type=\"container\">\n\t\t\t\t<div class=\"elementor-element elementor-element-29f607c elementor-widget elementor-widget-text-editor\" data-id=\"29f607c\" data-element_type=\"widget\" data-widget_type=\"text-editor.default\">\n\t\t\t\t<div class=\"elementor-widget-container\">\n\t\t\t\t\t\t\t\t\t<ul><li>Je m\u2019engage \u00e0 rencontrer mon client dans le respect de la vie et de la dignit\u00e9 humaine, en veillant \u00e0 ne pas lui causer de pr\u00e9judice.<\/li><li>Je m\u2019engage \u00e0 traiter chaque client avec humanit\u00e9 et bienveillance, sans jugement, en prenant en compte son bien-\u00eatre physique, \u00e9motionnel et spirituel.<\/li><li>Je m\u2019engage \u00e0 exercer ma fonction d\u2019accompagnante avec conscience et ind\u00e9pendance, en \u00e9vitant tout conflit d&#8217;int\u00e9r\u00eats.<\/li><li>Je m\u2019engage \u00e0 respecter les normes \u00e9thiques et les r\u00e8gles d\u00e9ontologiques en vigueur, en \u00e9tant transparente sur mes qualifications, mes comp\u00e9tences et mes limites professionnelles.<\/li><li>Je m\u2019engage \u00e0 fournir un accompagnement comp\u00e9tent et diligent \u00e0 mon client, en veillant \u00e0 maintenir et \u00e0 d\u00e9velopper ses comp\u00e9tences personnelles.<\/li><\/ul>\t\t\t\t\t\t\t\t<\/div>\n\t\t\t\t<\/div>\n\t\t\t\t<div class=\"elementor-element elementor-element-5ce0e11 elementor-hidden-mobile elementor-widget elementor-widget-spacer\" data-id=\"5ce0e11\" data-element_type=\"widget\" data-widget_type=\"spacer.default\">\n\t\t\t\t<div class=\"elementor-widget-container\">\n\t\t\t\t\t\t\t<div class=\"elementor-spacer\">\n\t\t\t<div class=\"elementor-spacer-inner\"><\/div>\n\t\t<\/div>\n\t\t\t\t\t\t<\/div>\n\t\t\t\t<\/div>\n\t\t\t\t<\/div>\n\t\t<div class=\"elementor-element elementor-element-c42a801 e-con-full e-flex e-con e-child\" data-id=\"c42a801\" data-element_type=\"container\">\n\t\t\t\t<div class=\"elementor-element elementor-element-7b199db elementor-widget elementor-widget-text-editor\" data-id=\"7b199db\" data-element_type=\"widget\" data-widget_type=\"text-editor.default\">\n\t\t\t\t<div class=\"elementor-widget-container\">\n\t\t\t\t\t\t\t\t\t<ul><li>Je m\u2019engage \u00e0 exercer ma fonction d\u2019accompagnant avec prudence et en respectant les limites\u00a0 l\u00e9gales de mes pratiques, en m&#8217;interdisant de poser des diagnostics, d&#8217;interrompre ou de modifier des traitements m\u00e9dicaux, de conseiller ou de prescrire des m\u00e9dicaments ou assimil\u00e9s, ou de se comporter ou de se substituer \u00e0 un professionnel du secteur m\u00e9dical.<\/li><li>Je m\u2019engage \u00e0 orienter rapidement mon client vers un m\u00e9decin ou un sp\u00e9cialiste en cas de doute sur son \u00e9tat de sant\u00e9, et \u00e0 m&#8217;abstenir de l&#8217;accompagner si sa situation n&#8217;est pas compatible avec les techniques de bien-\u00eatre.<\/li><li>Je m\u2019engage \u00e0 respecter la confidentialit\u00e9 des informations relatives \u00e0 mon client, en conformit\u00e9 avec la loi et les r\u00e8gles d\u00e9ontologiques en vigueur.<\/li><\/ul>\t\t\t\t\t\t\t\t<\/div>\n\t\t\t\t<\/div>\n\t\t\t\t<div class=\"elementor-element elementor-element-9e7a4a6 elementor-widget elementor-widget-button\" data-id=\"9e7a4a6\" data-element_type=\"widget\" data-widget_type=\"button.default\">\n\t\t\t\t<div class=\"elementor-widget-container\">\n\t\t\t\t\t\t\t\t\t<div class=\"elementor-button-wrapper\">\n\t\t\t\t\t<a class=\"elementor-button elementor-button-link elementor-size-md\" href=\"https:\/\/raccord-de-soi.fr\/index.php\/contact\/\">\n\t\t\t\t\t\t<span class=\"elementor-button-content-wrapper\">\n\t\t\t\t\t\t\t\t\t<span class=\"elementor-button-text\">R\u00e9server une s\u00e9ance<\/span>\n\t\t\t\t\t<\/span>\n\t\t\t\t\t<\/a>\n\t\t\t\t<\/div>\n\t\t\t\t\t\t\t\t<\/div>\n\t\t\t\t<\/div>\n\t\t\t\t<\/div>\n\t\t\t\t\t<\/div>\n\t\t\t\t<\/div>\n\t\t<div class=\"elementor-element elementor-element-5932894 e-con-full e-flex e-con e-parent\" data-id=\"5932894\" data-element_type=\"container\">\n\t\t<div class=\"elementor-element elementor-element-8baeb04 e-con-full e-flex e-con e-child\" data-id=\"8baeb04\" data-element_type=\"container\" data-settings=\"{&quot;background_background&quot;:&quot;classic&quot;}\">\n\t\t\t\t<div class=\"elementor-element elementor-element-9f687eb elementor-widget elementor-widget-text-editor\" data-id=\"9f687eb\" data-element_type=\"widget\" data-widget_type=\"text-editor.default\">\n\t\t\t\t<div class=\"elementor-widget-container\">\n\t\t\t\t\t\t\t\t\t<p>Attention<\/p>\t\t\t\t\t\t\t\t<\/div>\n\t\t\t\t<\/div>\n\t\t\t\t<div class=\"elementor-element elementor-element-ee39d5f elementor-widget elementor-widget-text-editor\" data-id=\"ee39d5f\" data-element_type=\"widget\" data-widget_type=\"text-editor.default\">\n\t\t\t\t<div class=\"elementor-widget-container\">\n\t\t\t\t\t\t\t\t\t<p>Je ne suis pas m\u00e9decin, ni psychiatre. <br \/>Aussi, mes prestations ne remplacent pas une consultation aupr\u00e8s d\u2019un professionnel de la sant\u00e9, et ne se substituent en aucun cas \u00e0 un acte m\u00e9dical ou \u00e0 des prescriptions de m\u00e9dicaments lorsque cela est n\u00e9cessaire.\u00a0<\/p>\t\t\t\t\t\t\t\t<\/div>\n\t\t\t\t<\/div>\n\t\t\t\t<div class=\"elementor-element elementor-element-3f75109 elementor-widget elementor-widget-text-editor\" data-id=\"3f75109\" data-element_type=\"widget\" data-widget_type=\"text-editor.default\">\n\t\t\t\t<div class=\"elementor-widget-container\">\n\t\t\t\t\t\t\t\t\t<p>En cas d\u2019urgence, Contactez le <span style=\"text-decoration: underline;\"><strong>Samu (15)<\/strong><\/span><\/p>\t\t\t\t\t\t\t\t<\/div>\n\t\t\t\t<\/div>\n\t\t\t\t<\/div>\n\t\t\t\t<\/div>\n\t\t\t\t<\/div>\n\t\t","protected":false},"excerpt":{"rendered":"<p>Mon diapason Mon engagement Je m\u2019engage \u00e0 rencontrer mon client dans le respect de la vie et de la dignit\u00e9 humaine, en veillant \u00e0 ne pas lui causer de pr\u00e9judice. Je m\u2019engage \u00e0 traiter chaque client avec humanit\u00e9 et bienveillance, sans jugement, en prenant en compte son bien-\u00eatre physique, \u00e9motionnel et spirituel. Je m\u2019engage \u00e0&hellip;&nbsp;<a href=\"https:\/\/raccord-de-soi.fr\/index.php\/engagement\/\" class=\"\" rel=\"bookmark\">Read More &raquo;<span class=\"screen-reader-text\">Mon engagement<\/span><\/a><\/p>\n","protected":false},"author":1,"featured_media":0,"parent":0,"menu_order":0,"comment_status":"closed","ping_status":"closed","template":"page-templates\/template-pagebuilder-full-width.php","meta":{"neve_meta_sidebar":"","neve_meta_container":"","neve_meta_enable_content_width":"","neve_meta_content_width":0,"neve_meta_title_alignment":"","neve_meta_author_avatar":"","neve_post_elements_order":"","neve_meta_disable_header":"","neve_meta_disable_footer":"","neve_meta_disable_title":"","_themeisle_gutenberg_block_has_review":false,"footnotes":""},"class_list":["post-107","page","type-page","status-publish","hentry"],"yoast_head":"<!-- This site is optimized with the Yoast SEO plugin v27.4 - https:\/\/yoast.com\/product\/yoast-seo-wordpress\/ -->\n<title>Je m&#039;engage \u00e0 exercer ma fonction d\u2019accompagnante en EFT R&#039;Accord de Soi -<\/title>\n<meta name=\"description\" content=\"Je m&#039;engage exercer ma fonction d\u2019accompagnante en EFT gr\u00e2ce aux techniques de lib\u00e9ration \u00e9motionnelle, pour vous soulager, pr\u00e8s de Lyon.\" \/>\n<meta name=\"robots\" content=\"index, follow, max-snippet:-1, max-image-preview:large, max-video-preview:-1\" \/>\n<link rel=\"canonical\" href=\"https:\/\/raccord-de-soi.fr\/index.php\/engagement\/\" \/>\n<meta property=\"og:locale\" content=\"en_US\" \/>\n<meta property=\"og:type\" content=\"article\" \/>\n<meta property=\"og:title\" content=\"Je m&#039;engage \u00e0 exercer ma fonction d\u2019accompagnante en EFT R&#039;Accord de Soi -\" \/>\n<meta property=\"og:description\" content=\"Je m&#039;engage exercer ma fonction d\u2019accompagnante en EFT gr\u00e2ce aux techniques de lib\u00e9ration \u00e9motionnelle, pour vous soulager, pr\u00e8s de Lyon.\" \/>\n<meta property=\"og:url\" content=\"https:\/\/raccord-de-soi.fr\/index.php\/engagement\/\" \/>\n<meta property=\"og:site_name\" content=\"R&#039;Accord de Soi\" \/>\n<meta property=\"article:modified_time\" content=\"2025-02-07T13:30:51+00:00\" \/>\n<meta property=\"og:image\" content=\"https:\/\/raccord-de-soi.fr\/wp-content\/uploads\/2024\/02\/Groupe-266.png\" \/>\n<meta name=\"twitter:card\" content=\"summary_large_image\" \/>\n<meta name=\"twitter:label1\" content=\"Est. reading time\" \/>\n\t<meta name=\"twitter:data1\" content=\"2 minutes\" \/>\n<script type=\"application\/ld+json\" class=\"yoast-schema-graph\">{\"@context\":\"https:\\\/\\\/schema.org\",\"@graph\":[{\"@type\":\"WebPage\",\"@id\":\"https:\\\/\\\/raccord-de-soi.fr\\\/index.php\\\/engagement\\\/\",\"url\":\"https:\\\/\\\/raccord-de-soi.fr\\\/index.php\\\/engagement\\\/\",\"name\":\"Je m'engage \u00e0 exercer ma fonction d\u2019accompagnante en EFT R&#039;Accord de Soi -\",\"isPartOf\":{\"@id\":\"https:\\\/\\\/raccord-de-soi.fr\\\/#website\"},\"primaryImageOfPage\":{\"@id\":\"https:\\\/\\\/raccord-de-soi.fr\\\/index.php\\\/engagement\\\/#primaryimage\"},\"image\":{\"@id\":\"https:\\\/\\\/raccord-de-soi.fr\\\/index.php\\\/engagement\\\/#primaryimage\"},\"thumbnailUrl\":\"https:\\\/\\\/raccord-de-soi.fr\\\/wp-content\\\/uploads\\\/2024\\\/02\\\/Groupe-266.png\",\"datePublished\":\"2024-02-20T17:27:31+00:00\",\"dateModified\":\"2025-02-07T13:30:51+00:00\",\"description\":\"Je m'engage exercer ma fonction d\u2019accompagnante en EFT gr\u00e2ce aux techniques de lib\u00e9ration \u00e9motionnelle, pour vous soulager, pr\u00e8s de Lyon.\",\"breadcrumb\":{\"@id\":\"https:\\\/\\\/raccord-de-soi.fr\\\/index.php\\\/engagement\\\/#breadcrumb\"},\"inLanguage\":\"en-US\",\"potentialAction\":[{\"@type\":\"ReadAction\",\"target\":[\"https:\\\/\\\/raccord-de-soi.fr\\\/index.php\\\/engagement\\\/\"]}]},{\"@type\":\"ImageObject\",\"inLanguage\":\"en-US\",\"@id\":\"https:\\\/\\\/raccord-de-soi.fr\\\/index.php\\\/engagement\\\/#primaryimage\",\"url\":\"https:\\\/\\\/raccord-de-soi.fr\\\/wp-content\\\/uploads\\\/2024\\\/02\\\/Groupe-266.png\",\"contentUrl\":\"https:\\\/\\\/raccord-de-soi.fr\\\/wp-content\\\/uploads\\\/2024\\\/02\\\/Groupe-266.png\",\"width\":682,\"height\":128,\"caption\":\"Je m'engage - citation\"},{\"@type\":\"BreadcrumbList\",\"@id\":\"https:\\\/\\\/raccord-de-soi.fr\\\/index.php\\\/engagement\\\/#breadcrumb\",\"itemListElement\":[{\"@type\":\"ListItem\",\"position\":1,\"name\":\"Accueil\",\"item\":\"https:\\\/\\\/raccord-de-soi.fr\\\/\"},{\"@type\":\"ListItem\",\"position\":2,\"name\":\"Mon engagement\"}]},{\"@type\":\"WebSite\",\"@id\":\"https:\\\/\\\/raccord-de-soi.fr\\\/#website\",\"url\":\"https:\\\/\\\/raccord-de-soi.fr\\\/\",\"name\":\"R&#039;Accord de Soi\",\"description\":\"\",\"potentialAction\":[{\"@type\":\"SearchAction\",\"target\":{\"@type\":\"EntryPoint\",\"urlTemplate\":\"https:\\\/\\\/raccord-de-soi.fr\\\/?s={search_term_string}\"},\"query-input\":{\"@type\":\"PropertyValueSpecification\",\"valueRequired\":true,\"valueName\":\"search_term_string\"}}],\"inLanguage\":\"en-US\"}]}<\/script>\n<!-- \/ Yoast SEO plugin. -->","yoast_head_json":{"title":"Je m'engage \u00e0 exercer ma fonction d\u2019accompagnante en EFT R&#039;Accord de Soi -","description":"Je m'engage exercer ma fonction d\u2019accompagnante en EFT gr\u00e2ce aux techniques de lib\u00e9ration \u00e9motionnelle, pour vous soulager, pr\u00e8s de Lyon.","robots":{"index":"index","follow":"follow","max-snippet":"max-snippet:-1","max-image-preview":"max-image-preview:large","max-video-preview":"max-video-preview:-1"},"canonical":"https:\/\/raccord-de-soi.fr\/index.php\/engagement\/","og_locale":"en_US","og_type":"article","og_title":"Je m'engage \u00e0 exercer ma fonction d\u2019accompagnante en EFT R&#039;Accord de Soi -","og_description":"Je m'engage exercer ma fonction d\u2019accompagnante en EFT gr\u00e2ce aux techniques de lib\u00e9ration \u00e9motionnelle, pour vous soulager, pr\u00e8s de Lyon.","og_url":"https:\/\/raccord-de-soi.fr\/index.php\/engagement\/","og_site_name":"R&#039;Accord de Soi","article_modified_time":"2025-02-07T13:30:51+00:00","og_image":[{"url":"https:\/\/raccord-de-soi.fr\/wp-content\/uploads\/2024\/02\/Groupe-266.png","type":"","width":"","height":""}],"twitter_card":"summary_large_image","twitter_misc":{"Est. reading time":"2 minutes"},"schema":{"@context":"https:\/\/schema.org","@graph":[{"@type":"WebPage","@id":"https:\/\/raccord-de-soi.fr\/index.php\/engagement\/","url":"https:\/\/raccord-de-soi.fr\/index.php\/engagement\/","name":"Je m'engage \u00e0 exercer ma fonction d\u2019accompagnante en EFT R&#039;Accord de Soi -","isPartOf":{"@id":"https:\/\/raccord-de-soi.fr\/#website"},"primaryImageOfPage":{"@id":"https:\/\/raccord-de-soi.fr\/index.php\/engagement\/#primaryimage"},"image":{"@id":"https:\/\/raccord-de-soi.fr\/index.php\/engagement\/#primaryimage"},"thumbnailUrl":"https:\/\/raccord-de-soi.fr\/wp-content\/uploads\/2024\/02\/Groupe-266.png","datePublished":"2024-02-20T17:27:31+00:00","dateModified":"2025-02-07T13:30:51+00:00","description":"Je m'engage exercer ma fonction d\u2019accompagnante en EFT gr\u00e2ce aux techniques de lib\u00e9ration \u00e9motionnelle, pour vous soulager, pr\u00e8s de Lyon.","breadcrumb":{"@id":"https:\/\/raccord-de-soi.fr\/index.php\/engagement\/#breadcrumb"},"inLanguage":"en-US","potentialAction":[{"@type":"ReadAction","target":["https:\/\/raccord-de-soi.fr\/index.php\/engagement\/"]}]},{"@type":"ImageObject","inLanguage":"en-US","@id":"https:\/\/raccord-de-soi.fr\/index.php\/engagement\/#primaryimage","url":"https:\/\/raccord-de-soi.fr\/wp-content\/uploads\/2024\/02\/Groupe-266.png","contentUrl":"https:\/\/raccord-de-soi.fr\/wp-content\/uploads\/2024\/02\/Groupe-266.png","width":682,"height":128,"caption":"Je m'engage - citation"},{"@type":"BreadcrumbList","@id":"https:\/\/raccord-de-soi.fr\/index.php\/engagement\/#breadcrumb","itemListElement":[{"@type":"ListItem","position":1,"name":"Accueil","item":"https:\/\/raccord-de-soi.fr\/"},{"@type":"ListItem","position":2,"name":"Mon engagement"}]},{"@type":"WebSite","@id":"https:\/\/raccord-de-soi.fr\/#website","url":"https:\/\/raccord-de-soi.fr\/","name":"R&#039;Accord de Soi","description":"","potentialAction":[{"@type":"SearchAction","target":{"@type":"EntryPoint","urlTemplate":"https:\/\/raccord-de-soi.fr\/?s={search_term_string}"},"query-input":{"@type":"PropertyValueSpecification","valueRequired":true,"valueName":"search_term_string"}}],"inLanguage":"en-US"}]}},"_links":{"self":[{"href":"https:\/\/raccord-de-soi.fr\/index.php\/wp-json\/wp\/v2\/pages\/107","targetHints":{"allow":["GET"]}}],"collection":[{"href":"https:\/\/raccord-de-soi.fr\/index.php\/wp-json\/wp\/v2\/pages"}],"about":[{"href":"https:\/\/raccord-de-soi.fr\/index.php\/wp-json\/wp\/v2\/types\/page"}],"author":[{"embeddable":true,"href":"https:\/\/raccord-de-soi.fr\/index.php\/wp-json\/wp\/v2\/users\/1"}],"replies":[{"embeddable":true,"href":"https:\/\/raccord-de-soi.fr\/index.php\/wp-json\/wp\/v2\/comments?post=107"}],"version-history":[{"count":25,"href":"https:\/\/raccord-de-soi.fr\/index.php\/wp-json\/wp\/v2\/pages\/107\/revisions"}],"predecessor-version":[{"id":949,"href":"https:\/\/raccord-de-soi.fr\/index.php\/wp-json\/wp\/v2\/pages\/107\/revisions\/949"}],"wp:attachment":[{"href":"https:\/\/raccord-de-soi.fr\/index.php\/wp-json\/wp\/v2\/media?parent=107"}],"curies":[{"name":"wp","href":"https:\/\/api.w.org\/{rel}","templated":true}]}}